{"id":1450,"date":"2022-07-16T10:56:19","date_gmt":"2022-07-16T08:56:19","guid":{"rendered":"https:\/\/www.kabulluftbruecke.de\/1jahr\/"},"modified":"2022-08-29T17:33:55","modified_gmt":"2022-08-29T15:33:55","slug":"1year","status":"publish","type":"page","link":"https:\/\/www.kabulluftbruecke.de\/en\/1year\/","title":{"rendered":"One year Kabul Luftbr\u00fccke \u2013 We are still evacuating!"},"content":{"rendered":"<p><div class=\"fusion-fullwidth fullwidth-box fusion-builder-row-1 fusion-flex-container fusion-parallax-none nonhundred-percent-fullwidth non-hundred-percent-height-scrolling\" style=\"--link_hover_color: var(--awb-color5);--link_color: var(--awb-color5);--awb-background-blend-mode:multiply;--awb-border-color:var(--awb-color1);--awb-border-radius-top-left:0px;--awb-border-radius-top-right:0px;--awb-border-radius-bottom-right:0px;--awb-border-radius-bottom-left:0px;--awb-padding-top:9vw;--awb-padding-bottom:0px;--awb-padding-top-small:70px;--awb-padding-right-small:40px;--awb-padding-bottom-small:70px;--awb-padding-left-small:40px;--awb-margin-bottom-medium:80px;--awb-margin-bottom-small:60px;--awb-background-color:rgba(0,0,0,0);--awb-background-image:url(&quot;https:\/\/www.kabulluftbruecke.de\/wp-content\/uploads\/luftbruecke_background.jpg&quot;);--awb-background-size:cover;--awb-flex-wrap:wrap;\" ><div class=\"fusion-builder-row fusion-row fusion-flex-align-items-center fusion-flex-content-wrap\" style=\"max-width:1248px;margin-left: calc(-4% \/ 2 );margin-right: calc(-4% \/ 2 );\"><div class=\"fusion-layout-column fusion_builder_column fusion-builder-column-0 fusion_builder_column_1_1 1_1 fusion-flex-column\" style=\"--awb-padding-bottom-medium:0px;--awb-bg-size:cover;--awb-width-large:100%;--awb-margin-top-large:0px;--awb-spacing-right-large:1.92%;--awb-margin-bottom-large:90px;--awb-spacing-left-large:1.92%;--awb-width-medium:100%;--awb-order-medium:0;--awb-spacing-right-medium:1.92%;--awb-spacing-left-medium:1.92%;--awb-width-small:100%;--awb-order-small:0;--awb-spacing-right-small:1.92%;--awb-spacing-left-small:1.92%;\"><div class=\"fusion-column-wrapper fusion-column-has-shadow fusion-flex-justify-content-flex-start fusion-content-layout-column\"><div class=\"fusion-title title fusion-title-1 fusion-sep-none fusion-title-text fusion-title-size-one kabul-header\" style=\"--awb-text-color:#ffffff;\"><h1 class=\"fusion-title-heading title-heading-left\" style=\"margin:0;\"><p style=\"text-align: center;\">One year Kabul Luftbr\u00fccke \u2013 We are still evacuating!<\/p><\/h1><\/div><\/div><\/div><div class=\"fusion-layout-column fusion_builder_column fusion-builder-column-1 fusion_builder_column_1_1 1_1 fusion-flex-column\" style=\"--awb-bg-size:cover;--awb-width-large:100%;--awb-margin-top-large:0px;--awb-spacing-right-large:1.92%;--awb-margin-bottom-large:0px;--awb-spacing-left-large:1.92%;--awb-width-medium:100%;--awb-order-medium:0;--awb-spacing-right-medium:1.92%;--awb-spacing-left-medium:1.92%;--awb-width-small:100%;--awb-order-small:0;--awb-spacing-right-small:1.92%;--awb-spacing-left-small:1.92%;\"><div class=\"fusion-column-wrapper fusion-column-has-shadow fusion-flex-justify-content-flex-start fusion-content-layout-column\"><div class=\"fusion-section-separator section-separator big-half-circle fusion-section-separator-1\" style=\"--awb-spacer-height:99px;--awb-svg-margin-left:1.92%;--awb-svg-margin-right:1.92%;--awb-svg-margin-left-medium:1.92%;--awb-svg-margin-right-medium:1.92%;--awb-svg-margin-left-small:1.92%;--awb-svg-margin-right-small:1.92%;--awb-divider-height:99px;--awb-spacer-padding-top:inherit;--awb-sep-padding:0;--awb-svg-padding:0;\"><div class=\"fusion-section-separator-svg\"><svg class=\"fusion-big-half-circle-candy\" xmlns=\"http:\/\/www.w3.org\/2000\/svg\" version=\"1.1\" width=\"100%\" height=\"100\" viewBox=\"0 0 100 100\" preserveAspectRatio=\"none\" fill=\"rgba(255,255,255,1)\"><path d=\"M0 100 C40 0 60 0 100 100 Z\"><\/path><\/svg><\/div><div class=\"fusion-section-separator-spacer\"><div class=\"fusion-section-separator-spacer-height\"><\/div><\/div><\/div><\/div><\/div><\/div><\/div><div class=\"fusion-fullwidth fullwidth-box fusion-builder-row-2 fusion-flex-container nonhundred-percent-fullwidth non-hundred-percent-height-scrolling\" style=\"--awb-background-position:left top;--awb-border-sizes-top:0px;--awb-border-sizes-bottom:0px;--awb-border-sizes-left:0px;--awb-border-sizes-right:0px;--awb-border-radius-top-left:0px;--awb-border-radius-top-right:0px;--awb-border-radius-bottom-right:0px;--awb-border-radius-bottom-left:0px;--awb-padding-bottom:100px;--awb-margin-bottom-medium:80px;--awb-margin-bottom-small:60px;--awb-background-color:var(--awb-color1);--awb-flex-wrap:wrap;\" ><div class=\"fusion-builder-row fusion-row fusion-flex-align-items-flex-start fusion-flex-justify-content-center fusion-flex-content-wrap\" style=\"max-width:1248px;margin-left: calc(-4% \/ 2 );margin-right: calc(-4% \/ 2 );\"><div class=\"fusion-layout-column fusion_builder_column fusion-builder-column-2 fusion_builder_column_2_3 2_3 fusion-flex-column fusion-flex-align-self-flex-start fusion-column-no-min-height\" style=\"--awb-bg-blend:overlay;--awb-bg-size:cover;--awb-width-large:66.666666666667%;--awb-margin-top-large:-40px;--awb-spacing-right-large:2.88%;--awb-margin-bottom-large:40px;--awb-spacing-left-large:2.88%;--awb-width-medium:80%;--awb-order-medium:0;--awb-spacing-right-medium:2.4%;--awb-spacing-left-medium:2.4%;--awb-width-small:100%;--awb-order-small:0;--awb-spacing-right-small:1.92%;--awb-spacing-left-small:1.92%;\"><div class=\"fusion-column-wrapper fusion-column-has-shadow fusion-flex-justify-content-flex-start fusion-content-layout-column\"><div class=\"fusion-title title fusion-title-2 fusion-sep-none fusion-title-center fusion-title-text fusion-title-size-two\" style=\"--awb-text-color:var(--awb-color8);\"><h2 class=\"fusion-title-heading title-heading-center\" style=\"margin:0;\"><h2 style=\"text-align: center;\">Come along, get to know us and discuss with us!<br \/>\nFriday, 12 August 2022, 4pm<\/h2><\/h2><\/div><div class=\"fusion-text fusion-text-1\" style=\"--awb-content-alignment:left;--awb-text-color:hsla(var(--awb-color8-h),var(--awb-color8-s),var(--awb-color8-l),calc(var(--awb-color8-a) - 20%));\"><div class=\"wpb_text_column wpb_content_element \">\n<div class=\"wpb_wrapper\">\n<p style=\"text-align: center;\"><strong>@ <a href=\"https:\/\/goo.gl\/maps\/KrtTcQ2JrkzhdHxm6\" target=\"_blank\" rel=\"noopener\">:\/\/about blank<\/a>, Markgrafendamm 24c, 10245 Berlin<\/strong><\/p>\n<p>On August 12th we want to invite you to spend the afternoon and evening with us at about blank! We would like to use this time together to network, get to know you and say thank you to our growing community of allies, supporters and evacuees.\u00a0Without your support and backing, our journey to this point would not have been possible!<\/p>\n<p>Welcoming you to our event gives us the opportunity to create an open space for exchange. Together with affected people we want to look back at the past year to learn, reflect, and offer a platform to share experiences.<\/p>\n<p>Kabul Luftbr\u00fccke is a civil society initiative that takes responsibility and evacuates vulnerable people from Afghanistan. Since its formation a year ago, we have managed to bring more than 2,700 people to safety.<\/p>\n<\/div>\n<\/div>\n<\/div><div class=\"fusion-title title fusion-title-3 fusion-sep-none fusion-title-center fusion-title-text fusion-title-size-two\" style=\"--awb-text-color:var(--awb-color8);\"><h2 class=\"fusion-title-heading title-heading-center\" style=\"margin:0;\"><h3>Timetable<\/h3><\/h2><\/div><div class=\"fusion-separator fusion-full-width-sep\" style=\"align-self: center;margin-left: auto;margin-right: auto;margin-top:15px;width:100%;\"><\/div>\n<div class=\"table-2\">\n<table width=\"100%\">\n<thead>\n<tr>\n<th align=\"left\">16:00<\/th>\n<th align=\"left\">Admission<\/th>\n<\/tr>\n<\/thead>\n<tbody>\n<tr>\n<td align=\"left\">17:00<\/td>\n<td align=\"left\"><strong>Welcome by the founders<\/strong> (Theresa Breuer &amp; Ruben Neugebauer)<\/td>\n<\/tr>\n<tr>\n<td align=\"left\">17:05<\/td>\n<td align=\"left\">Panel 1: <strong><br \/>\n<span data-sheets-value=\"{\" data-sheets-userformat=\"{\">1 Year Kabul Luftbr\u00fccke \u2013 Updates &amp; Ask Us Anything<br \/>\n<\/span><\/strong>For one year we, as a donor-funded NGO from civil society, have been doing the job that should actually be done by the federal government. What has happened in the meantime? And how should it continue?<em>KLB-Team: Mojeeb, Tareq, Tilly, Herta, Sami, Therese, Theresa, Ruben, &#8230;<\/em><strong><br \/>\n<\/strong><\/td>\n<\/tr>\n<tr>\n<td align=\"left\">17:45<\/td>\n<td align=\"left\"><strong>Surprise guest<\/strong> (tba.)<\/td>\n<\/tr>\n<tr>\n<td align=\"left\">18:00<\/td>\n<td align=\"left\"><strong>Fashion Show \u201eFreedom to choose\u201c<\/strong> by <a href=\"https:\/\/www.facebook.com\/Modelstan\" target=\"_blank\" rel=\"noopener\">Hamed Valy<\/a><\/td>\n<\/tr>\n<tr>\n<td align=\"left\">18:15<\/td>\n<td align=\"left\">Panel 2: <strong><br \/>\n<span data-sheets-value=\"{\" data-sheets-userformat=\"{\">World in Between &#8211; Reflections on Loss and new Beginnings<br \/>\n<\/span><\/strong>What is it like to leave your home country? What does it mean to be free? What does it feel like to be here and not in Afghanistan anymore?S<em>alma Hussaini (Model\/Miss Afghanistan), Nabila Horakhsh (Artist), Shogufa Bayat (Mountaineer), Mohammad Amin Naadim (Artist\/Carpenter), Shekib Mosadeq (Musician), Halimyar Tokhi Waheed (Head at Directorate of Cabinet Coordination Affairs, Administrative Office of the President, Afghanistan)<br \/>\n<\/em><\/td>\n<\/tr>\n<tr>\n<td align=\"left\">18:50<\/td>\n<td align=\"left\"><strong>Video \u201eHer Dream, Her Pain: Despicted and Quoted\u201c by Tahora Husaini<\/strong><\/td>\n<\/tr>\n<tr>\n<td align=\"left\">19:00<\/td>\n<td align=\"left\"><a href=\"https:\/\/www.deutschlandfunkkultur.de\/shekib-mosadeqs-initiative-kunst-gegen-taliban-exil-popstar-100.html\" target=\"_blank\" rel=\"noopener\"><strong>Shekib Mosadeq<\/strong><\/a> (live)<\/td>\n<\/tr>\n<tr>\n<td align=\"left\">20:30<\/td>\n<td align=\"left\"><a href=\"https:\/\/getjealous.band\/\" target=\"_blank\" rel=\"noopener\"><strong>Get Jealous<\/strong><\/a> (live)<\/td>\n<\/tr>\n<tr>\n<td align=\"left\">22:00<\/td>\n<td align=\"left\"><strong>p\/kstr<\/strong> (DJ-Set)<\/td>\n<\/tr>\n<tr>\n<td align=\"left\">00:00<\/td>\n<td align=\"left\">Transition to the <a href=\"https:\/\/ra.co\/events\/1558975\" target=\"_blank\" rel=\"noopener\">follow-up event<\/a><\/td>\n<\/tr>\n<\/tbody>\n<\/table>\n<\/div>\n<div class=\"fusion-separator fusion-full-width-sep\" style=\"align-self: center;margin-left: auto;margin-right: auto;margin-top:50px;width:100%;\"><\/div><div class=\"fusion-title title fusion-title-4 fusion-sep-none fusion-title-center fusion-title-text fusion-title-size-two\" style=\"--awb-text-color:var(--awb-color8);\"><h2 class=\"fusion-title-heading title-heading-center\" style=\"margin:0;\"><h3>Exhibition of works by artists from Afghanistan<\/h3><\/h2><\/div><div class=\"fusion-text fusion-text-2\"><p>In an art exhibition on the wall behind the stage of the :\/\/about blank, Afghan artists show their works. Some of these works were evacuated from Afghanistan with their creators, others were created in Pakistan or Germany after the evacuation. In their works, the artists deal with the role and representation of women, with social oppression, uprising and freedom. We are very pleased that four of the five artists will be present.<br \/>\nNabila Horakhsh, Mohammad Amin Naadim and Ehsanullah Wakili left Afghanistan with the support of the Kabul Luftbr\u00fccke and now live in Hamburg and Berlin. Tahora Husaini came to Germany back in 2014 for her Master&#8217;s degree. Sohaiba Taraki currently lives in Pakistan and is waiting for her visa to study at the Berlin University of the Arts.<\/p>\n<p><strong>Nabila Horakhsh<\/strong><br \/>\n<strong>Tahora Husaini<\/strong><br \/>\n<strong>Mohammad Amin Naadim<\/strong><br \/>\n<strong>Sohaiba Taraki<\/strong><br \/>\n<strong>Ehsanullah Wakili<\/strong><\/p>\n<\/div><div class=\"fusion-title title fusion-title-5 fusion-sep-none fusion-title-center fusion-title-text fusion-title-size-two\" style=\"--awb-text-color:var(--awb-color8);\"><h2 class=\"fusion-title-heading title-heading-center\" style=\"margin:0;\"><h3>Information for Afghans<\/h3><\/h2><\/div><div class=\"fusion-text fusion-text-3\"><p>Of course, you are all our guests! Please send us a short email and we will put you on the guest list. By the way, this also applies to all other people who cannot afford an entrance fee at the moment. We don&#8217;t want to exclude anyone and want to celebrate together with all of you.<\/p>\n<\/div><div class=\"fusion-title title fusion-title-6 fusion-sep-none fusion-title-center fusion-title-text fusion-title-size-two\" style=\"--awb-text-color:var(--awb-color8);\"><h2 class=\"fusion-title-heading title-heading-center\" style=\"margin:0;\"><h3>Information for press representatives<\/h3><\/h2><\/div><div class=\"fusion-text fusion-text-4\"><div class=\"fusion-text fusion-text-3\">\n<div class=\"page\" title=\"Page 1\">\n<div class=\"layoutArea\">\n<div class=\"column\">\n<p>In principle, there is a strict ban on taking photos and videos in the :\/\/about blank.<\/p>\n<p>An exception is made for press representatives who have applied for accreditation in advance. Accredited press representatives are allowed to take pictures of the stage programme, but not of the audience.<\/p>\n<p>If there are people in the picture who are not part of the stage programme, they must be made unrecognisable before publication.<\/p>\n<p>There will be so-called press angels on site who will be happy to help you and whom you can contact if you have any questions. These angels will also make sure that everyone abides by the agreed rules.<\/p>\n<p>We will have photos taken by professional photographers. We will be happy to make these available to you afterwards upon request.<\/p>\n<p><a href=\"https:\/\/www.kabulluftbruecke.de\/wp-content\/uploads\/1-Jahr-KLB-Pressinfo.pdf\" target=\"_blank\" rel=\"noopener\">Further Information<\/a><\/p>\n<\/div>\n<\/div>\n<\/div>\n<\/div>\n<\/div><\/div><\/div><\/div><\/div><\/p>\n","protected":false},"excerpt":{"rendered":"","protected":false},"author":7,"featured_media":0,"parent":0,"menu_order":0,"comment_status":"closed","ping_status":"closed","template":"100-width.php","meta":{"footnotes":""},"class_list":["post-1450","page","type-page","status-publish","hentry"],"yoast_head":"<!-- This site is optimized with the Yoast SEO plugin v27.6 - https:\/\/yoast.com\/product\/yoast-seo-wordpress\/ -->\n<title>One year Kabul Luftbr\u00fccke \u2013 We are still evacuating! - Kabul Luftbr\u00fccke<\/title>\n<meta name=\"robots\" content=\"index, follow, max-snippet:-1, max-image-preview:large, max-video-preview:-1\" \/>\n<link rel=\"canonical\" href=\"https:\/\/www.kabulluftbruecke.de\/en\/1year\/\" \/>\n<meta property=\"og:locale\" content=\"en_US\" \/>\n<meta property=\"og:type\" content=\"article\" \/>\n<meta property=\"og:title\" content=\"One year Kabul Luftbr\u00fccke \u2013 We are still evacuating! - Kabul Luftbr\u00fccke\" \/>\n<meta property=\"og:url\" content=\"https:\/\/www.kabulluftbruecke.de\/en\/1year\/\" \/>\n<meta property=\"og:site_name\" content=\"Kabul Luftbr\u00fccke\" \/>\n<meta property=\"article:publisher\" content=\"https:\/\/www.facebook.com\/kabulluftbruecke\/\" \/>\n<meta property=\"article:modified_time\" content=\"2022-08-29T15:33:55+00:00\" \/>\n<meta property=\"og:image\" content=\"https:\/\/www.kabulluftbruecke.de\/wp-content\/uploads\/1200x630-Event-Einladung.png\" \/>\n\t<meta property=\"og:image:width\" content=\"1200\" \/>\n\t<meta property=\"og:image:height\" content=\"630\" \/>\n\t<meta property=\"og:image:type\" content=\"image\/png\" \/>\n<meta name=\"twitter:card\" content=\"summary_large_image\" \/>\n<meta name=\"twitter:site\" content=\"@KabulLuftbrucke\" \/>\n<meta name=\"twitter:label1\" content=\"Est. reading time\" \/>\n\t<meta name=\"twitter:data1\" content=\"11 minutes\" \/>\n<script type=\"application\/ld+json\" class=\"yoast-schema-graph\">{\"@context\":\"https:\\\/\\\/schema.org\",\"@graph\":[{\"@type\":\"WebPage\",\"@id\":\"https:\\\/\\\/www.kabulluftbruecke.de\\\/en\\\/1year\\\/\",\"url\":\"https:\\\/\\\/www.kabulluftbruecke.de\\\/en\\\/1year\\\/\",\"name\":\"One year Kabul Luftbr\u00fccke \u2013 We are still evacuating! - Kabul Luftbr\u00fccke\",\"isPartOf\":{\"@id\":\"https:\\\/\\\/www.kabulluftbruecke.de\\\/en\\\/#website\"},\"datePublished\":\"2022-07-16T08:56:19+00:00\",\"dateModified\":\"2022-08-29T15:33:55+00:00\",\"breadcrumb\":{\"@id\":\"https:\\\/\\\/www.kabulluftbruecke.de\\\/en\\\/1year\\\/#breadcrumb\"},\"inLanguage\":\"en-US\",\"potentialAction\":[{\"@type\":\"ReadAction\",\"target\":[\"https:\\\/\\\/www.kabulluftbruecke.de\\\/en\\\/1year\\\/\"]}]},{\"@type\":\"BreadcrumbList\",\"@id\":\"https:\\\/\\\/www.kabulluftbruecke.de\\\/en\\\/1year\\\/#breadcrumb\",\"itemListElement\":[{\"@type\":\"ListItem\",\"position\":1,\"name\":\"Startseite\",\"item\":\"https:\\\/\\\/www.kabulluftbruecke.de\\\/en\\\/\"},{\"@type\":\"ListItem\",\"position\":2,\"name\":\"One year Kabul Luftbr\u00fccke \u2013 We are still evacuating!\"}]},{\"@type\":\"WebSite\",\"@id\":\"https:\\\/\\\/www.kabulluftbruecke.de\\\/en\\\/#website\",\"url\":\"https:\\\/\\\/www.kabulluftbruecke.de\\\/en\\\/\",\"name\":\"Kabul Luftbr\u00fccke\",\"description\":\"Unterst\u00fctze und fordere die Rettung aller Gef\u00e4hrdeten aus Afghanistan\",\"publisher\":{\"@id\":\"https:\\\/\\\/www.kabulluftbruecke.de\\\/en\\\/#organization\"},\"potentialAction\":[{\"@type\":\"SearchAction\",\"target\":{\"@type\":\"EntryPoint\",\"urlTemplate\":\"https:\\\/\\\/www.kabulluftbruecke.de\\\/en\\\/?s={search_term_string}\"},\"query-input\":{\"@type\":\"PropertyValueSpecification\",\"valueRequired\":true,\"valueName\":\"search_term_string\"}}],\"inLanguage\":\"en-US\"},{\"@type\":\"Organization\",\"@id\":\"https:\\\/\\\/www.kabulluftbruecke.de\\\/en\\\/#organization\",\"name\":\"Kabul Luftbr\u00fccke\",\"url\":\"https:\\\/\\\/www.kabulluftbruecke.de\\\/en\\\/\",\"logo\":{\"@type\":\"ImageObject\",\"inLanguage\":\"en-US\",\"@id\":\"https:\\\/\\\/www.kabulluftbruecke.de\\\/en\\\/#\\\/schema\\\/logo\\\/image\\\/\",\"url\":\"https:\\\/\\\/www.kabulluftbruecke.de\\\/wp-content\\\/uploads\\\/Luftbruecke.png\",\"contentUrl\":\"https:\\\/\\\/www.kabulluftbruecke.de\\\/wp-content\\\/uploads\\\/Luftbruecke.png\",\"width\":709,\"height\":185,\"caption\":\"Kabul Luftbr\u00fccke\"},\"image\":{\"@id\":\"https:\\\/\\\/www.kabulluftbruecke.de\\\/en\\\/#\\\/schema\\\/logo\\\/image\\\/\"},\"sameAs\":[\"https:\\\/\\\/www.facebook.com\\\/kabulluftbruecke\\\/\",\"https:\\\/\\\/x.com\\\/KabulLuftbrucke\",\"https:\\\/\\\/www.instagram.com\\\/kabul_luftbruecke\\\/\"]}]}<\/script>\n<!-- \/ Yoast SEO plugin. -->","yoast_head_json":{"title":"One year Kabul Luftbr\u00fccke \u2013 We are still evacuating! - Kabul Luftbr\u00fccke","robots":{"index":"index","follow":"follow","max-snippet":"max-snippet:-1","max-image-preview":"max-image-preview:large","max-video-preview":"max-video-preview:-1"},"canonical":"https:\/\/www.kabulluftbruecke.de\/en\/1year\/","og_locale":"en_US","og_type":"article","og_title":"One year Kabul Luftbr\u00fccke \u2013 We are still evacuating! - Kabul Luftbr\u00fccke","og_url":"https:\/\/www.kabulluftbruecke.de\/en\/1year\/","og_site_name":"Kabul Luftbr\u00fccke","article_publisher":"https:\/\/www.facebook.com\/kabulluftbruecke\/","article_modified_time":"2022-08-29T15:33:55+00:00","og_image":[{"width":1200,"height":630,"url":"https:\/\/www.kabulluftbruecke.de\/wp-content\/uploads\/1200x630-Event-Einladung.png","type":"image\/png"}],"twitter_card":"summary_large_image","twitter_site":"@KabulLuftbrucke","twitter_misc":{"Est. reading time":"11 minutes"},"schema":{"@context":"https:\/\/schema.org","@graph":[{"@type":"WebPage","@id":"https:\/\/www.kabulluftbruecke.de\/en\/1year\/","url":"https:\/\/www.kabulluftbruecke.de\/en\/1year\/","name":"One year Kabul Luftbr\u00fccke \u2013 We are still evacuating! - Kabul Luftbr\u00fccke","isPartOf":{"@id":"https:\/\/www.kabulluftbruecke.de\/en\/#website"},"datePublished":"2022-07-16T08:56:19+00:00","dateModified":"2022-08-29T15:33:55+00:00","breadcrumb":{"@id":"https:\/\/www.kabulluftbruecke.de\/en\/1year\/#breadcrumb"},"inLanguage":"en-US","potentialAction":[{"@type":"ReadAction","target":["https:\/\/www.kabulluftbruecke.de\/en\/1year\/"]}]},{"@type":"BreadcrumbList","@id":"https:\/\/www.kabulluftbruecke.de\/en\/1year\/#breadcrumb","itemListElement":[{"@type":"ListItem","position":1,"name":"Startseite","item":"https:\/\/www.kabulluftbruecke.de\/en\/"},{"@type":"ListItem","position":2,"name":"One year Kabul Luftbr\u00fccke \u2013 We are still evacuating!"}]},{"@type":"WebSite","@id":"https:\/\/www.kabulluftbruecke.de\/en\/#website","url":"https:\/\/www.kabulluftbruecke.de\/en\/","name":"Kabul Luftbr\u00fccke","description":"Unterst\u00fctze und fordere die Rettung aller Gef\u00e4hrdeten aus Afghanistan","publisher":{"@id":"https:\/\/www.kabulluftbruecke.de\/en\/#organization"},"potentialAction":[{"@type":"SearchAction","target":{"@type":"EntryPoint","urlTemplate":"https:\/\/www.kabulluftbruecke.de\/en\/?s={search_term_string}"},"query-input":{"@type":"PropertyValueSpecification","valueRequired":true,"valueName":"search_term_string"}}],"inLanguage":"en-US"},{"@type":"Organization","@id":"https:\/\/www.kabulluftbruecke.de\/en\/#organization","name":"Kabul Luftbr\u00fccke","url":"https:\/\/www.kabulluftbruecke.de\/en\/","logo":{"@type":"ImageObject","inLanguage":"en-US","@id":"https:\/\/www.kabulluftbruecke.de\/en\/#\/schema\/logo\/image\/","url":"https:\/\/www.kabulluftbruecke.de\/wp-content\/uploads\/Luftbruecke.png","contentUrl":"https:\/\/www.kabulluftbruecke.de\/wp-content\/uploads\/Luftbruecke.png","width":709,"height":185,"caption":"Kabul Luftbr\u00fccke"},"image":{"@id":"https:\/\/www.kabulluftbruecke.de\/en\/#\/schema\/logo\/image\/"},"sameAs":["https:\/\/www.facebook.com\/kabulluftbruecke\/","https:\/\/x.com\/KabulLuftbrucke","https:\/\/www.instagram.com\/kabul_luftbruecke\/"]}]}},"jetpack_sharing_enabled":true,"_links":{"self":[{"href":"https:\/\/www.kabulluftbruecke.de\/en\/wp-json\/wp\/v2\/pages\/1450","targetHints":{"allow":["GET"]}}],"collection":[{"href":"https:\/\/www.kabulluftbruecke.de\/en\/wp-json\/wp\/v2\/pages"}],"about":[{"href":"https:\/\/www.kabulluftbruecke.de\/en\/wp-json\/wp\/v2\/types\/page"}],"author":[{"embeddable":true,"href":"https:\/\/www.kabulluftbruecke.de\/en\/wp-json\/wp\/v2\/users\/7"}],"replies":[{"embeddable":true,"href":"https:\/\/www.kabulluftbruecke.de\/en\/wp-json\/wp\/v2\/comments?post=1450"}],"version-history":[{"count":0,"href":"https:\/\/www.kabulluftbruecke.de\/en\/wp-json\/wp\/v2\/pages\/1450\/revisions"}],"wp:attachment":[{"href":"https:\/\/www.kabulluftbruecke.de\/en\/wp-json\/wp\/v2\/media?parent=1450"}],"curies":[{"name":"wp","href":"https:\/\/api.w.org\/{rel}","templated":true}]}}