{"id":1614,"date":"2022-07-09T02:05:22","date_gmt":"2022-07-09T00:05:22","guid":{"rendered":"https:\/\/www.kabulluftbruecke.de\/about-us\/wer-wir-sind\/"},"modified":"2024-08-02T00:03:43","modified_gmt":"2024-08-01T22:03:43","slug":"who-we-are","status":"publish","type":"page","link":"https:\/\/www.kabulluftbruecke.de\/en\/about-us\/who-we-are\/","title":{"rendered":"Who we are"},"content":{"rendered":"<p><div class=\"fusion-fullwidth fullwidth-box fusion-builder-row-1 fusion-flex-container fusion-parallax-none nonhundred-percent-fullwidth non-hundred-percent-height-scrolling\" style=\"--link_hover_color: var(--awb-color5);--link_color: var(--awb-color5);--awb-background-position:right top;--awb-background-blend-mode:multiply;--awb-border-color:var(--awb-color1);--awb-border-radius-top-left:0px;--awb-border-radius-top-right:0px;--awb-border-radius-bottom-right:0px;--awb-border-radius-bottom-left:0px;--awb-padding-top:9vw;--awb-padding-bottom:0px;--awb-padding-top-small:70px;--awb-padding-right-small:40px;--awb-padding-bottom-small:70px;--awb-padding-left-small:40px;--awb-margin-bottom-medium:80px;--awb-margin-bottom-small:60px;--awb-background-color:rgba(0,0,0,0);--awb-background-image:url(&quot;https:\/\/www.kabulluftbruecke.de\/wp-content\/uploads\/TB_220628_Kabul_246_edit.jpg&quot;);--awb-background-size:cover;--awb-flex-wrap:wrap;\" ><div class=\"fusion-builder-row fusion-row fusion-flex-align-items-center fusion-flex-content-wrap\" style=\"max-width:1248px;margin-left: calc(-4% \/ 2 );margin-right: calc(-4% \/ 2 );\"><div class=\"fusion-layout-column fusion_builder_column fusion-builder-column-0 fusion_builder_column_1_1 1_1 fusion-flex-column\" style=\"--awb-padding-bottom-medium:0px;--awb-bg-size:cover;--awb-width-large:100%;--awb-margin-top-large:0px;--awb-spacing-right-large:1.92%;--awb-margin-bottom-large:90px;--awb-spacing-left-large:1.92%;--awb-width-medium:100%;--awb-order-medium:0;--awb-spacing-right-medium:1.92%;--awb-spacing-left-medium:1.92%;--awb-width-small:100%;--awb-order-small:0;--awb-spacing-right-small:1.92%;--awb-spacing-left-small:1.92%;\"><div class=\"fusion-column-wrapper fusion-column-has-shadow fusion-flex-justify-content-flex-start fusion-content-layout-column\"><div class=\"fusion-title title fusion-title-1 fusion-sep-none fusion-title-text fusion-title-size-one kabul-header\" style=\"--awb-text-color:#ffffff;\"><h1 class=\"fusion-title-heading title-heading-left\" style=\"margin:0;\"><p style=\"text-align: center;\">Who we are<\/p><\/h1><\/div><\/div><\/div><div class=\"fusion-layout-column fusion_builder_column fusion-builder-column-1 fusion_builder_column_1_1 1_1 fusion-flex-column\" style=\"--awb-bg-size:cover;--awb-width-large:100%;--awb-margin-top-large:0px;--awb-spacing-right-large:1.92%;--awb-margin-bottom-large:0px;--awb-spacing-left-large:1.92%;--awb-width-medium:100%;--awb-order-medium:0;--awb-spacing-right-medium:1.92%;--awb-spacing-left-medium:1.92%;--awb-width-small:100%;--awb-order-small:0;--awb-spacing-right-small:1.92%;--awb-spacing-left-small:1.92%;\"><div class=\"fusion-column-wrapper fusion-column-has-shadow fusion-flex-justify-content-flex-start fusion-content-layout-column\"><div class=\"fusion-section-separator section-separator big-half-circle fusion-section-separator-1\" style=\"--awb-spacer-height:99px;--awb-svg-margin-left:1.92%;--awb-svg-margin-right:1.92%;--awb-svg-margin-left-medium:1.92%;--awb-svg-margin-right-medium:1.92%;--awb-svg-margin-left-small:1.92%;--awb-svg-margin-right-small:1.92%;--awb-divider-height:99px;--awb-spacer-padding-top:inherit;--awb-sep-padding:0;--awb-svg-padding:0;\"><div class=\"fusion-section-separator-svg\"><svg class=\"fusion-big-half-circle-candy\" xmlns=\"http:\/\/www.w3.org\/2000\/svg\" version=\"1.1\" width=\"100%\" height=\"100\" viewBox=\"0 0 100 100\" preserveAspectRatio=\"none\" fill=\"rgba(255,255,255,1)\"><path d=\"M0 100 C40 0 60 0 100 100 Z\"><\/path><\/svg><\/div><div class=\"fusion-section-separator-spacer\"><div class=\"fusion-section-separator-spacer-height\"><\/div><\/div><\/div><\/div><\/div><\/div><\/div><div class=\"fusion-fullwidth fullwidth-box fusion-builder-row-2 fusion-flex-container nonhundred-percent-fullwidth non-hundred-percent-height-scrolling\" style=\"--awb-background-position:left top;--awb-border-sizes-top:0px;--awb-border-sizes-bottom:0px;--awb-border-sizes-left:0px;--awb-border-sizes-right:0px;--awb-border-radius-top-left:0px;--awb-border-radius-top-right:0px;--awb-border-radius-bottom-right:0px;--awb-border-radius-bottom-left:0px;--awb-margin-bottom-medium:80px;--awb-margin-bottom-small:60px;--awb-background-color:var(--awb-color1);--awb-flex-wrap:wrap;\" ><div class=\"fusion-builder-row fusion-row fusion-flex-align-items-flex-start fusion-flex-justify-content-center fusion-flex-content-wrap\" style=\"max-width:1248px;margin-left: calc(-4% \/ 2 );margin-right: calc(-4% \/ 2 );\"><div class=\"fusion-layout-column fusion_builder_column fusion-builder-column-2 fusion_builder_column_2_3 2_3 fusion-flex-column fusion-flex-align-self-flex-start fusion-column-no-min-height\" style=\"--awb-bg-blend:overlay;--awb-bg-size:cover;--awb-width-large:66.666666666667%;--awb-margin-top-large:-40px;--awb-spacing-right-large:2.88%;--awb-margin-bottom-large:40px;--awb-spacing-left-large:2.88%;--awb-width-medium:80%;--awb-order-medium:0;--awb-spacing-right-medium:2.4%;--awb-spacing-left-medium:2.4%;--awb-width-small:100%;--awb-order-small:0;--awb-spacing-right-small:1.92%;--awb-spacing-left-small:1.92%;\"><div class=\"fusion-column-wrapper fusion-column-has-shadow fusion-flex-justify-content-flex-start fusion-content-layout-column\"><div class=\"fusion-title title fusion-title-2 fusion-sep-none fusion-title-center fusion-title-text fusion-title-size-two\" style=\"--awb-text-color:var(--awb-color8);\"><h2 class=\"fusion-title-heading title-heading-center\" style=\"margin:0;\"><h2>About Kabul Luftbr\u00fccke<\/h2><\/h2><\/div><div class=\"fusion-text fusion-text-1\" style=\"--awb-content-alignment:left;--awb-text-color:hsla(var(--awb-color8-h),var(--awb-color8-s),var(--awb-color8-l),calc(var(--awb-color8-a) - 20%));\"><p>Kabul Luftbr\u00fccke is an initiative of the non-profit organization Aab Humanitarian Association. We were founded in August 2021 when the Taliban took power in Afghanistan. We didn&#8217;t want to watch while the German government failed to live up to its responsibility towards Afghans under threat. That&#8217;s when we started evacuating endangered Afghans to Germany &#8211; and we&#8217;re still doing it today.<\/p>\n<p>We started as a group of journalists and activists and quickly grew with our tasks. New team members have come and stayed. Today, two dozen people &#8211; volunteers and staff from Afghanistan, Pakistan and Germany &#8211; work on the task of evacuating Afghans under threat.<\/p>\n<h3>What does the Kabul Luftbr\u00fccke actually do?<\/h3>\n<p>The German government has promised to evacuate people in need of protection from Afghanistan. But to date it has not managed to keep its promise. There are still more than 10,000 people in Afghanistan who have been promised admission to Germany. We as Kabul Luftbr\u00fccke are trying to help all those whom Germany has left behind so far.<\/p>\n<p>Our teams in Pakistan, Afghanistan and Germany have been working every day since August on ways and means to get people out of the country. Every week we evacuate families at risk, provide transport, food and shelter until the families arrive in Germany.<\/p>\n<p>Currently, we can only help people who have a written acceptance of admission from the German government or a German residence title. We cannot decide who gets a promise of admission. Only our government can do that.<\/p>\n<p>Nevertheless, we want to advise and support as many people as possible to be able to flee Afghanistan legally and safely. That&#8217;s why we support people in obtaining an admission permit from the federal government and advocate for a policy that allows threatened people to enter Germany. That is why we advocate for a federal admission programme that does justice to the situation in Afghanistan and for an accelerated processing of cases. This is the only way to ensure that Afghans under threat can be evacuated as quickly as possible.<\/p>\n<h3>How can I support Kabul Luftbr\u00fccke?<\/h3>\n<p>Our work is only possible thanks to your financial support. Without your donations, we as a non-profit association could not do our work. Let&#8217;s evacuate people from Afghanistan together. Become our ally.<\/p>\n<p>Regular donations help us the most. They give us more planning security and enable us to bring even more people to safety. <a href=\"https:\/\/www.kabulluftbruecke.de\/en\/donate\/become-an-ally\/\">Become an ally<\/a>.<\/p>\n<h3>What does Kabul Luftbr\u00fccke do with the donated money?<\/h3>\n<p>Unless a specific purpose is defined, we use all donations to evacuate vulnerable people from Afghanistan. For example, we use the money to pay for buses between Kabul (Afghanistan) and Islamabad (Pakistan), accommodation or medical care for Afghans.<\/p>\n<p>If at some point civilian evacuations from Afghanistan are no longer reasonably possible, we will use it elsewhere to support people on the run as effectively as possible.<\/p>\n<h3>How can I find out more about Kabul Luftbr\u00fccke and its work?<\/h3>\n<p>We try to keep you as informed as possible about our work on this homepage and via social media. Follow us on these platforms:<\/p>\n<p><strong>Instagram:<\/strong> <a href=\"https:\/\/www.instagram.com\/kabul_luftbruecke\/\" target=\"_blank\" rel=\"noopener\">instagram.com\/kabul_luftbruecke\/<\/a><\/p>\n<p><strong>Twitter:<\/strong> <a href=\"https:\/\/twitter.com\/KabulLuftbrucke\" target=\"_blank\" rel=\"noopener\">twitter.com\/KabulLuftbrucke<\/a><\/p>\n<p><strong>Facebook:<\/strong> <a href=\"https:\/\/www.facebook.com\/kabulluftbruecke\" target=\"_blank\" rel=\"noopener\">facebook.com\/kabulluftbruecke<\/a><\/p>\n<\/div><div class=\"fusion-separator fusion-full-width-sep\" style=\"align-self: center;margin-left: auto;margin-right: auto;margin-top:15px;width:100%;\"><\/div><div style=\"text-align:center;\"><a class=\"fusion-button button-flat button-large button-custom fusion-button-default button-1 fusion-button-default-span fusion-button-default-type\" style=\"--button_accent_color:var(--awb-color1);--button_accent_hover_color:var(--awb-color1);--button_border_hover_color:var(--awb-color1);--button-border-radius-top-left:25px;--button-border-radius-top-right:25px;--button-border-radius-bottom-right:25px;--button-border-radius-bottom-left:25px;--button_gradient_top_color:var(--awb-color4);--button_gradient_bottom_color:var(--awb-color4);--button_gradient_top_color_hover:var(--awb-color5);--button_gradient_bottom_color_hover:var(--awb-color5);\" target=\"_self\" href=\"https:\/\/www.kabulluftbruecke.de\/en\/about-us\/our-mission\/\"><span class=\"fusion-button-text awb-button__text awb-button__text--default\">Our Mission<\/span><\/a><\/div><\/div><\/div><\/div><\/div><\/p>\n","protected":false},"excerpt":{"rendered":"","protected":false},"author":7,"featured_media":0,"parent":1507,"menu_order":0,"comment_status":"closed","ping_status":"closed","template":"100-width.php","meta":{"footnotes":""},"class_list":["post-1614","page","type-page","status-publish","hentry"],"yoast_head":"<!-- This site is optimized with the Yoast SEO plugin v27.5 - https:\/\/yoast.com\/product\/yoast-seo-wordpress\/ -->\n<title>Who we are - Kabul Luftbr\u00fccke<\/title>\n<meta name=\"robots\" content=\"index, follow, max-snippet:-1, max-image-preview:large, max-video-preview:-1\" \/>\n<link rel=\"canonical\" href=\"https:\/\/www.kabulluftbruecke.de\/en\/about-us\/who-we-are\/\" \/>\n<meta property=\"og:locale\" content=\"en_US\" \/>\n<meta property=\"og:type\" content=\"article\" \/>\n<meta property=\"og:title\" content=\"Who we are - Kabul Luftbr\u00fccke\" \/>\n<meta property=\"og:url\" content=\"https:\/\/www.kabulluftbruecke.de\/en\/about-us\/who-we-are\/\" \/>\n<meta property=\"og:site_name\" content=\"Kabul Luftbr\u00fccke\" \/>\n<meta property=\"article:publisher\" content=\"https:\/\/www.facebook.com\/kabulluftbruecke\/\" \/>\n<meta property=\"article:modified_time\" content=\"2024-08-01T22:03:43+00:00\" \/>\n<meta property=\"og:image\" content=\"https:\/\/www.kabulluftbruecke.de\/wp-content\/uploads\/1200x630-OpenGraph.png\" \/>\n\t<meta property=\"og:image:width\" content=\"1200\" \/>\n\t<meta property=\"og:image:height\" content=\"630\" \/>\n\t<meta property=\"og:image:type\" content=\"image\/png\" \/>\n<meta name=\"twitter:card\" content=\"summary_large_image\" \/>\n<meta name=\"twitter:site\" content=\"@KabulLuftbrucke\" \/>\n<meta name=\"twitter:label1\" content=\"Est. reading time\" \/>\n\t<meta name=\"twitter:data1\" content=\"3 minutes\" \/>\n<script type=\"application\/ld+json\" class=\"yoast-schema-graph\">{\"@context\":\"https:\\\/\\\/schema.org\",\"@graph\":[{\"@type\":\"WebPage\",\"@id\":\"https:\\\/\\\/www.kabulluftbruecke.de\\\/en\\\/about-us\\\/who-we-are\\\/\",\"url\":\"https:\\\/\\\/www.kabulluftbruecke.de\\\/en\\\/about-us\\\/who-we-are\\\/\",\"name\":\"Who we are - Kabul Luftbr\u00fccke\",\"isPartOf\":{\"@id\":\"https:\\\/\\\/www.kabulluftbruecke.de\\\/en\\\/#website\"},\"datePublished\":\"2022-07-09T00:05:22+00:00\",\"dateModified\":\"2024-08-01T22:03:43+00:00\",\"breadcrumb\":{\"@id\":\"https:\\\/\\\/www.kabulluftbruecke.de\\\/en\\\/about-us\\\/who-we-are\\\/#breadcrumb\"},\"inLanguage\":\"en-US\",\"potentialAction\":[{\"@type\":\"ReadAction\",\"target\":[\"https:\\\/\\\/www.kabulluftbruecke.de\\\/en\\\/about-us\\\/who-we-are\\\/\"]}]},{\"@type\":\"BreadcrumbList\",\"@id\":\"https:\\\/\\\/www.kabulluftbruecke.de\\\/en\\\/about-us\\\/who-we-are\\\/#breadcrumb\",\"itemListElement\":[{\"@type\":\"ListItem\",\"position\":1,\"name\":\"Startseite\",\"item\":\"https:\\\/\\\/www.kabulluftbruecke.de\\\/en\\\/\"},{\"@type\":\"ListItem\",\"position\":2,\"name\":\"About us\",\"item\":\"https:\\\/\\\/www.kabulluftbruecke.de\\\/en\\\/about-us\\\/\"},{\"@type\":\"ListItem\",\"position\":3,\"name\":\"Who we are\"}]},{\"@type\":\"WebSite\",\"@id\":\"https:\\\/\\\/www.kabulluftbruecke.de\\\/en\\\/#website\",\"url\":\"https:\\\/\\\/www.kabulluftbruecke.de\\\/en\\\/\",\"name\":\"Kabul Luftbr\u00fccke\",\"description\":\"Unterst\u00fctze und fordere die Rettung aller Gef\u00e4hrdeten aus Afghanistan\",\"publisher\":{\"@id\":\"https:\\\/\\\/www.kabulluftbruecke.de\\\/en\\\/#organization\"},\"potentialAction\":[{\"@type\":\"SearchAction\",\"target\":{\"@type\":\"EntryPoint\",\"urlTemplate\":\"https:\\\/\\\/www.kabulluftbruecke.de\\\/en\\\/?s={search_term_string}\"},\"query-input\":{\"@type\":\"PropertyValueSpecification\",\"valueRequired\":true,\"valueName\":\"search_term_string\"}}],\"inLanguage\":\"en-US\"},{\"@type\":\"Organization\",\"@id\":\"https:\\\/\\\/www.kabulluftbruecke.de\\\/en\\\/#organization\",\"name\":\"Kabul Luftbr\u00fccke\",\"url\":\"https:\\\/\\\/www.kabulluftbruecke.de\\\/en\\\/\",\"logo\":{\"@type\":\"ImageObject\",\"inLanguage\":\"en-US\",\"@id\":\"https:\\\/\\\/www.kabulluftbruecke.de\\\/en\\\/#\\\/schema\\\/logo\\\/image\\\/\",\"url\":\"https:\\\/\\\/www.kabulluftbruecke.de\\\/wp-content\\\/uploads\\\/Luftbruecke.png\",\"contentUrl\":\"https:\\\/\\\/www.kabulluftbruecke.de\\\/wp-content\\\/uploads\\\/Luftbruecke.png\",\"width\":709,\"height\":185,\"caption\":\"Kabul Luftbr\u00fccke\"},\"image\":{\"@id\":\"https:\\\/\\\/www.kabulluftbruecke.de\\\/en\\\/#\\\/schema\\\/logo\\\/image\\\/\"},\"sameAs\":[\"https:\\\/\\\/www.facebook.com\\\/kabulluftbruecke\\\/\",\"https:\\\/\\\/x.com\\\/KabulLuftbrucke\",\"https:\\\/\\\/www.instagram.com\\\/kabul_luftbruecke\\\/\"]}]}<\/script>\n<!-- \/ Yoast SEO plugin. -->","yoast_head_json":{"title":"Who we are - Kabul Luftbr\u00fccke","robots":{"index":"index","follow":"follow","max-snippet":"max-snippet:-1","max-image-preview":"max-image-preview:large","max-video-preview":"max-video-preview:-1"},"canonical":"https:\/\/www.kabulluftbruecke.de\/en\/about-us\/who-we-are\/","og_locale":"en_US","og_type":"article","og_title":"Who we are - Kabul Luftbr\u00fccke","og_url":"https:\/\/www.kabulluftbruecke.de\/en\/about-us\/who-we-are\/","og_site_name":"Kabul Luftbr\u00fccke","article_publisher":"https:\/\/www.facebook.com\/kabulluftbruecke\/","article_modified_time":"2024-08-01T22:03:43+00:00","og_image":[{"width":1200,"height":630,"url":"https:\/\/www.kabulluftbruecke.de\/wp-content\/uploads\/1200x630-OpenGraph.png","type":"image\/png"}],"twitter_card":"summary_large_image","twitter_site":"@KabulLuftbrucke","twitter_misc":{"Est. reading time":"3 minutes"},"schema":{"@context":"https:\/\/schema.org","@graph":[{"@type":"WebPage","@id":"https:\/\/www.kabulluftbruecke.de\/en\/about-us\/who-we-are\/","url":"https:\/\/www.kabulluftbruecke.de\/en\/about-us\/who-we-are\/","name":"Who we are - Kabul Luftbr\u00fccke","isPartOf":{"@id":"https:\/\/www.kabulluftbruecke.de\/en\/#website"},"datePublished":"2022-07-09T00:05:22+00:00","dateModified":"2024-08-01T22:03:43+00:00","breadcrumb":{"@id":"https:\/\/www.kabulluftbruecke.de\/en\/about-us\/who-we-are\/#breadcrumb"},"inLanguage":"en-US","potentialAction":[{"@type":"ReadAction","target":["https:\/\/www.kabulluftbruecke.de\/en\/about-us\/who-we-are\/"]}]},{"@type":"BreadcrumbList","@id":"https:\/\/www.kabulluftbruecke.de\/en\/about-us\/who-we-are\/#breadcrumb","itemListElement":[{"@type":"ListItem","position":1,"name":"Startseite","item":"https:\/\/www.kabulluftbruecke.de\/en\/"},{"@type":"ListItem","position":2,"name":"About us","item":"https:\/\/www.kabulluftbruecke.de\/en\/about-us\/"},{"@type":"ListItem","position":3,"name":"Who we are"}]},{"@type":"WebSite","@id":"https:\/\/www.kabulluftbruecke.de\/en\/#website","url":"https:\/\/www.kabulluftbruecke.de\/en\/","name":"Kabul Luftbr\u00fccke","description":"Unterst\u00fctze und fordere die Rettung aller Gef\u00e4hrdeten aus Afghanistan","publisher":{"@id":"https:\/\/www.kabulluftbruecke.de\/en\/#organization"},"potentialAction":[{"@type":"SearchAction","target":{"@type":"EntryPoint","urlTemplate":"https:\/\/www.kabulluftbruecke.de\/en\/?s={search_term_string}"},"query-input":{"@type":"PropertyValueSpecification","valueRequired":true,"valueName":"search_term_string"}}],"inLanguage":"en-US"},{"@type":"Organization","@id":"https:\/\/www.kabulluftbruecke.de\/en\/#organization","name":"Kabul Luftbr\u00fccke","url":"https:\/\/www.kabulluftbruecke.de\/en\/","logo":{"@type":"ImageObject","inLanguage":"en-US","@id":"https:\/\/www.kabulluftbruecke.de\/en\/#\/schema\/logo\/image\/","url":"https:\/\/www.kabulluftbruecke.de\/wp-content\/uploads\/Luftbruecke.png","contentUrl":"https:\/\/www.kabulluftbruecke.de\/wp-content\/uploads\/Luftbruecke.png","width":709,"height":185,"caption":"Kabul Luftbr\u00fccke"},"image":{"@id":"https:\/\/www.kabulluftbruecke.de\/en\/#\/schema\/logo\/image\/"},"sameAs":["https:\/\/www.facebook.com\/kabulluftbruecke\/","https:\/\/x.com\/KabulLuftbrucke","https:\/\/www.instagram.com\/kabul_luftbruecke\/"]}]}},"jetpack_sharing_enabled":true,"_links":{"self":[{"href":"https:\/\/www.kabulluftbruecke.de\/en\/wp-json\/wp\/v2\/pages\/1614","targetHints":{"allow":["GET"]}}],"collection":[{"href":"https:\/\/www.kabulluftbruecke.de\/en\/wp-json\/wp\/v2\/pages"}],"about":[{"href":"https:\/\/www.kabulluftbruecke.de\/en\/wp-json\/wp\/v2\/types\/page"}],"author":[{"embeddable":true,"href":"https:\/\/www.kabulluftbruecke.de\/en\/wp-json\/wp\/v2\/users\/7"}],"replies":[{"embeddable":true,"href":"https:\/\/www.kabulluftbruecke.de\/en\/wp-json\/wp\/v2\/comments?post=1614"}],"version-history":[{"count":0,"href":"https:\/\/www.kabulluftbruecke.de\/en\/wp-json\/wp\/v2\/pages\/1614\/revisions"}],"up":[{"embeddable":true,"href":"https:\/\/www.kabulluftbruecke.de\/en\/wp-json\/wp\/v2\/pages\/1507"}],"wp:attachment":[{"href":"https:\/\/www.kabulluftbruecke.de\/en\/wp-json\/wp\/v2\/media?parent=1614"}],"curies":[{"name":"wp","href":"https:\/\/api.w.org\/{rel}","templated":true}]}}