{"id":1616,"date":"2022-06-24T19:39:48","date_gmt":"2022-06-24T17:39:48","guid":{"rendered":"https:\/\/www.kabulluftbruecke.de\/about-us\/unsere-mission\/"},"modified":"2024-08-02T00:45:30","modified_gmt":"2024-08-01T22:45:30","slug":"our-mission","status":"publish","type":"page","link":"https:\/\/www.kabulluftbruecke.de\/en\/about-us\/our-mission\/","title":{"rendered":"Our Mission"},"content":{"rendered":"<p><div class=\"fusion-fullwidth fullwidth-box fusion-builder-row-1 fusion-flex-container fusion-parallax-none nonhundred-percent-fullwidth non-hundred-percent-height-scrolling\" style=\"--link_hover_color: var(--awb-color5);--link_color: var(--awb-color5);--awb-background-position:right bottom;--awb-background-blend-mode:multiply;--awb-border-color:var(--awb-color1);--awb-border-radius-top-left:0px;--awb-border-radius-top-right:0px;--awb-border-radius-bottom-right:0px;--awb-border-radius-bottom-left:0px;--awb-padding-top:9vw;--awb-padding-bottom:0px;--awb-padding-top-small:70px;--awb-padding-right-small:40px;--awb-padding-bottom-small:70px;--awb-padding-left-small:40px;--awb-margin-bottom-medium:80px;--awb-margin-bottom-small:60px;--awb-background-color:rgba(0,0,0,0);--awb-background-image:url(&quot;https:\/\/www.kabulluftbruecke.de\/wp-content\/uploads\/TB_220628_Kabul_045_edit.jpg&quot;);--awb-background-size:cover;--awb-flex-wrap:wrap;\" ><div class=\"fusion-builder-row fusion-row fusion-flex-align-items-center fusion-flex-content-wrap\" style=\"max-width:1248px;margin-left: calc(-4% \/ 2 );margin-right: calc(-4% \/ 2 );\"><div class=\"fusion-layout-column fusion_builder_column fusion-builder-column-0 fusion_builder_column_1_1 1_1 fusion-flex-column\" style=\"--awb-padding-bottom-medium:0px;--awb-bg-size:cover;--awb-width-large:100%;--awb-margin-top-large:0px;--awb-spacing-right-large:1.92%;--awb-margin-bottom-large:90px;--awb-spacing-left-large:1.92%;--awb-width-medium:100%;--awb-order-medium:0;--awb-spacing-right-medium:1.92%;--awb-spacing-left-medium:1.92%;--awb-width-small:100%;--awb-order-small:0;--awb-spacing-right-small:1.92%;--awb-spacing-left-small:1.92%;\"><div class=\"fusion-column-wrapper fusion-column-has-shadow fusion-flex-justify-content-flex-start fusion-content-layout-column\"><div class=\"fusion-title title fusion-title-1 fusion-sep-none fusion-title-text fusion-title-size-one kabul-header\" style=\"--awb-text-color:#ffffff;\"><h1 class=\"fusion-title-heading title-heading-left\" style=\"margin:0;\"><p style=\"text-align: center;\">Our Mission<\/p><\/h1><\/div><\/div><\/div><div class=\"fusion-layout-column fusion_builder_column fusion-builder-column-1 fusion_builder_column_1_1 1_1 fusion-flex-column\" style=\"--awb-bg-size:cover;--awb-width-large:100%;--awb-margin-top-large:0px;--awb-spacing-right-large:1.92%;--awb-margin-bottom-large:0px;--awb-spacing-left-large:1.92%;--awb-width-medium:100%;--awb-order-medium:0;--awb-spacing-right-medium:1.92%;--awb-spacing-left-medium:1.92%;--awb-width-small:100%;--awb-order-small:0;--awb-spacing-right-small:1.92%;--awb-spacing-left-small:1.92%;\"><div class=\"fusion-column-wrapper fusion-column-has-shadow fusion-flex-justify-content-flex-start fusion-content-layout-column\"><div class=\"fusion-section-separator section-separator big-half-circle fusion-section-separator-1\" style=\"--awb-spacer-height:99px;--awb-svg-margin-left:1.92%;--awb-svg-margin-right:1.92%;--awb-svg-margin-left-medium:1.92%;--awb-svg-margin-right-medium:1.92%;--awb-svg-margin-left-small:1.92%;--awb-svg-margin-right-small:1.92%;--awb-divider-height:99px;--awb-spacer-padding-top:inherit;--awb-sep-padding:0;--awb-svg-padding:0;\"><div class=\"fusion-section-separator-svg\"><svg class=\"fusion-big-half-circle-candy\" xmlns=\"http:\/\/www.w3.org\/2000\/svg\" version=\"1.1\" width=\"100%\" height=\"100\" viewBox=\"0 0 100 100\" preserveAspectRatio=\"none\" fill=\"rgba(255,255,255,1)\"><path d=\"M0 100 C40 0 60 0 100 100 Z\"><\/path><\/svg><\/div><div class=\"fusion-section-separator-spacer\"><div class=\"fusion-section-separator-spacer-height\"><\/div><\/div><\/div><\/div><\/div><\/div><\/div><div class=\"fusion-fullwidth fullwidth-box fusion-builder-row-2 fusion-flex-container nonhundred-percent-fullwidth non-hundred-percent-height-scrolling\" style=\"--awb-background-position:left top;--awb-border-sizes-top:0px;--awb-border-sizes-bottom:0px;--awb-border-sizes-left:0px;--awb-border-sizes-right:0px;--awb-border-radius-top-left:0px;--awb-border-radius-top-right:0px;--awb-border-radius-bottom-right:0px;--awb-border-radius-bottom-left:0px;--awb-margin-bottom-medium:80px;--awb-margin-bottom-small:60px;--awb-background-color:var(--awb-color1);--awb-flex-wrap:wrap;\" ><div class=\"fusion-builder-row fusion-row fusion-flex-align-items-flex-start fusion-flex-justify-content-center fusion-flex-content-wrap\" style=\"max-width:1248px;margin-left: calc(-4% \/ 2 );margin-right: calc(-4% \/ 2 );\"><div class=\"fusion-layout-column fusion_builder_column fusion-builder-column-2 fusion_builder_column_2_3 2_3 fusion-flex-column fusion-flex-align-self-flex-start fusion-column-no-min-height\" style=\"--awb-bg-blend:overlay;--awb-bg-size:cover;--awb-width-large:66.666666666667%;--awb-margin-top-large:-40px;--awb-spacing-right-large:2.88%;--awb-margin-bottom-large:40px;--awb-spacing-left-large:2.88%;--awb-width-medium:80%;--awb-order-medium:0;--awb-spacing-right-medium:2.4%;--awb-spacing-left-medium:2.4%;--awb-width-small:100%;--awb-order-small:0;--awb-spacing-right-small:1.92%;--awb-spacing-left-small:1.92%;\"><div class=\"fusion-column-wrapper fusion-column-has-shadow fusion-flex-justify-content-flex-start fusion-content-layout-column\"><div class=\"fusion-title title fusion-title-2 fusion-sep-none fusion-title-center fusion-title-text fusion-title-size-two\" style=\"--awb-text-color:var(--awb-color8);\"><h2 class=\"fusion-title-heading title-heading-center\" style=\"margin:0;\"><h2>What are we campaigning for?<\/h2><\/h2><\/div><div class=\"fusion-text fusion-text-1\" style=\"--awb-content-alignment:left;--awb-text-color:hsla(var(--awb-color8-h),var(--awb-color8-s),var(--awb-color8-l),calc(var(--awb-color8-a) - 20%));\"><p>For two decades, Germany and its Western partners in Afghanistan joined a military intervention and &#8220;nation-building&#8221; mission in Afghanistan. It came to a rash e<span style=\"color: hsla(var(--awb-color8-h),var(--awb-color8-s),var(--awb-color8-l),calc(var(--awb-color8-a) - 20%)); background-color: var(--awb-color1); font-family: var(--body_typography-font-family); font-size: var(--body_typography-font-size); font-style: var(--body_typography-font-style,normal); letter-spacing: var(--body_typography-letter-spacing);\">nd <\/span><span style=\"color: hsla(var(--awb-color8-h),var(--awb-color8-s),var(--awb-color8-l),calc(var(--awb-color8-a) - 20%)); background-color: var(--awb-color1); font-family: var(--body_typography-font-family); font-size: var(--body_typography-font-size); font-style: var(--body_typography-font-style,normal); letter-spacing: var(--body_typography-letter-spacing);\">in August 2021 and had<\/span><span style=\"background-color: var(--awb-color1);\"><span style=\"font-family: var(--body_typography-font-family);\"><span style=\"color: hsla(var(--awb-color8-h),var(--awb-color8-s),var(--awb-color8-l),calc(var(--awb-color8-a) - 20%)); font-style: var(--body_typography-font-style,normal); letter-spacing: var(--body_typography-letter-spacing);\"> far-reaching consequences for the Afghan civil society. Judges, security forces, teachers, human rights activists and many other Afghans had worked to build a free and constitutional Afghanistan. When Germany and its Western partners decided to irresponsibly and <\/span><\/span>chaotically<span style=\"font-family: var(--body_typography-font-family);\"><span style=\"color: hsla(var(--awb-color8-h),var(--awb-color8-s),var(--awb-color8-l),calc(var(--awb-color8-a) - 20%)); font-style: var(--body_typography-font-style,normal); letter-spacing: var(--body_typography-letter-spacing);\"> withdraw their troops from Afghanistan, the radical forces of the Taliban came back to power. Germany&#8217;s evacuations came to a rapid halt only two weeks later, and most of our Afghan allies were <\/span><\/span><\/span><span style=\"color: hsla(var(--awb-color8-h),var(--awb-color8-s),var(--awb-color8-l),calc(var(--awb-color8-a) - 20%)); background-color: var(--awb-color1); font-family: var(--body_typography-font-family); font-size: var(--body_typography-font-size); font-style: var(--body_typography-font-style,normal); letter-spacing: var(--body_typography-letter-spacing);\">abandoned <\/span><span style=\"color: hsla(var(--awb-color8-h),var(--awb-color8-s),var(--awb-color8-l),calc(var(--awb-color8-a) - 20%)); background-color: var(--awb-color1); font-family: var(--body_typography-font-family); font-size: var(--body_typography-font-size); font-style: var(--body_typography-font-style,normal); letter-spacing: var(--body_typography-letter-spacing);\">and left to the arbitrary power of the new rulers<\/span><span style=\"color: hsla(var(--awb-color8-h),var(--awb-color8-s),var(--awb-color8-l),calc(var(--awb-color8-a) - 20%)); font-family: var(--body_typography-font-family); font-size: var(--body_typography-font-size); font-style: var(--body_typography-font-style,normal); letter-spacing: var(--body_typography-letter-spacing); background-color: var(--awb-color1);\">.<\/span><\/p>\n<p>We cannot reverse the political decisions of the past. We can, however, become aware of our responsibility: The Taliban tighten their law and further restrict civil rights and liberties every day. It is Germany&#8217;s duty to support all Afghans at risk to escape Taliban violence and to support them on safe and legal pathways.<\/p>\n<p>We are a civil initiative that took on this responsibility when state action fell short. Since August 2021, we have evacuated more than two thousand people with the help of your donations, and supported another thousand in their exit. And we go on evacuating, supporting and advocating for the admission of Afghans under threat. Since the Taliban came to power, the German government has still not managed to support all the people it has promised to take in. On top of that, tens of thousands of threatened Afghans who have since asked the German foreign ministry for support are waiting without an answer.<\/p>\n<p>We have become a contact point in Germany for many Afghans at risk. With help of our partners on the ground we have been able to maintain regular transports, and establish safe evacuation routes. Additionally, we are campaigning for the admission of all people at risk and for the government to accept its responsibility. We still receive a large number of requests every day and will try to get back to every message that reaches us.<\/p>\n<p>You, the community of our supporters, are the strongest allies for us. Our work would not be possible without your interest, your commitment and your frequent donations.<\/p>\n<p>On the political level we keep advocating for a just treatment of our Afghan allies, and we tirelessly maintain public attention for Afghanistan. Help us to be loud and clear on all of our demands:<\/p>\n<ul>\n<li>We want the federal admission program (Bundesaufnahmeprogramm) to realistically meet people&#8217;s needs. Thus, we demand an open registration platform for everyone at risk provided by the German government. Also we want Afghans residing in third and neighboring countries to be included in the program.<\/li>\n<li>We demand the option for individual application on the basis of \u00a722.2 German Residence Law to remain open for all Afghans under threat with an urgent need for resettlement.<\/li>\n<li>We want fair and humane visa procedures for Afghans with a German admission approval, including visa interviews which follow international human rights standards.<\/li>\n<li>We expect a warm welcome and support to all of our Afghan allies arriving in Germany and building a new life.<\/li>\n<li>We demand the acknowledgment of Germany&#8217;s negligence in the troop withdrawal in 2021, as well as a just political representation of Afghan voices in public debate around the topic.<\/li>\n<\/ul>\n<p>We can talk a lot about who we want to be. It is in our actions where we show who we really are.<\/p>\n<\/div><div class=\"fusion-separator fusion-full-width-sep\" style=\"align-self: center;margin-left: auto;margin-right: auto;margin-top:15px;width:100%;\"><\/div><div style=\"text-align:center;\"><a class=\"fusion-button button-flat button-large button-custom fusion-button-default button-1 fusion-button-default-span fusion-button-default-type\" style=\"--button_accent_color:var(--awb-color1);--button_accent_hover_color:var(--awb-color1);--button_border_hover_color:var(--awb-color1);--button-border-radius-top-left:25px;--button-border-radius-top-right:25px;--button-border-radius-bottom-right:25px;--button-border-radius-bottom-left:25px;--button_gradient_top_color:var(--awb-color4);--button_gradient_bottom_color:var(--awb-color4);--button_gradient_top_color_hover:var(--awb-color5);--button_gradient_bottom_color_hover:var(--awb-color5);\" target=\"_self\" href=\"https:\/\/www.kabulluftbruecke.de\/en\/about-us\/team-und-contact\/\"><span class=\"fusion-button-text awb-button__text awb-button__text--default\">Contact<\/span><\/a><\/div><\/div><\/div><\/div><\/div><\/p>\n","protected":false},"excerpt":{"rendered":"","protected":false},"author":7,"featured_media":0,"parent":1507,"menu_order":0,"comment_status":"closed","ping_status":"closed","template":"100-width.php","meta":{"footnotes":""},"class_list":["post-1616","page","type-page","status-publish","hentry"],"yoast_head":"<!-- This site is optimized with the Yoast SEO plugin v27.6 - https:\/\/yoast.com\/product\/yoast-seo-wordpress\/ -->\n<title>Our Mission - Kabul Luftbr\u00fccke<\/title>\n<meta name=\"robots\" content=\"index, follow, max-snippet:-1, max-image-preview:large, max-video-preview:-1\" \/>\n<link rel=\"canonical\" href=\"https:\/\/www.kabulluftbruecke.de\/en\/about-us\/our-mission\/\" \/>\n<meta property=\"og:locale\" content=\"en_US\" \/>\n<meta property=\"og:type\" content=\"article\" \/>\n<meta property=\"og:title\" content=\"Our Mission - Kabul Luftbr\u00fccke\" \/>\n<meta property=\"og:url\" content=\"https:\/\/www.kabulluftbruecke.de\/en\/about-us\/our-mission\/\" \/>\n<meta property=\"og:site_name\" content=\"Kabul Luftbr\u00fccke\" \/>\n<meta property=\"article:publisher\" content=\"https:\/\/www.facebook.com\/kabulluftbruecke\/\" \/>\n<meta property=\"article:modified_time\" content=\"2024-08-01T22:45:30+00:00\" \/>\n<meta property=\"og:image\" content=\"https:\/\/www.kabulluftbruecke.de\/wp-content\/uploads\/1200x630-OpenGraph.png\" \/>\n\t<meta property=\"og:image:width\" content=\"1200\" \/>\n\t<meta property=\"og:image:height\" content=\"630\" \/>\n\t<meta property=\"og:image:type\" content=\"image\/png\" \/>\n<meta name=\"twitter:card\" content=\"summary_large_image\" \/>\n<meta name=\"twitter:site\" content=\"@KabulLuftbrucke\" \/>\n<meta name=\"twitter:label1\" content=\"Est. reading time\" \/>\n\t<meta name=\"twitter:data1\" content=\"3 minutes\" \/>\n<script type=\"application\/ld+json\" class=\"yoast-schema-graph\">{\"@context\":\"https:\\\/\\\/schema.org\",\"@graph\":[{\"@type\":\"WebPage\",\"@id\":\"https:\\\/\\\/www.kabulluftbruecke.de\\\/en\\\/about-us\\\/our-mission\\\/\",\"url\":\"https:\\\/\\\/www.kabulluftbruecke.de\\\/en\\\/about-us\\\/our-mission\\\/\",\"name\":\"Our Mission - Kabul Luftbr\u00fccke\",\"isPartOf\":{\"@id\":\"https:\\\/\\\/www.kabulluftbruecke.de\\\/en\\\/#website\"},\"datePublished\":\"2022-06-24T17:39:48+00:00\",\"dateModified\":\"2024-08-01T22:45:30+00:00\",\"breadcrumb\":{\"@id\":\"https:\\\/\\\/www.kabulluftbruecke.de\\\/en\\\/about-us\\\/our-mission\\\/#breadcrumb\"},\"inLanguage\":\"en-US\",\"potentialAction\":[{\"@type\":\"ReadAction\",\"target\":[\"https:\\\/\\\/www.kabulluftbruecke.de\\\/en\\\/about-us\\\/our-mission\\\/\"]}]},{\"@type\":\"BreadcrumbList\",\"@id\":\"https:\\\/\\\/www.kabulluftbruecke.de\\\/en\\\/about-us\\\/our-mission\\\/#breadcrumb\",\"itemListElement\":[{\"@type\":\"ListItem\",\"position\":1,\"name\":\"Startseite\",\"item\":\"https:\\\/\\\/www.kabulluftbruecke.de\\\/en\\\/\"},{\"@type\":\"ListItem\",\"position\":2,\"name\":\"About us\",\"item\":\"https:\\\/\\\/www.kabulluftbruecke.de\\\/en\\\/about-us\\\/\"},{\"@type\":\"ListItem\",\"position\":3,\"name\":\"Our Mission\"}]},{\"@type\":\"WebSite\",\"@id\":\"https:\\\/\\\/www.kabulluftbruecke.de\\\/en\\\/#website\",\"url\":\"https:\\\/\\\/www.kabulluftbruecke.de\\\/en\\\/\",\"name\":\"Kabul Luftbr\u00fccke\",\"description\":\"Unterst\u00fctze und fordere die Rettung aller Gef\u00e4hrdeten aus Afghanistan\",\"publisher\":{\"@id\":\"https:\\\/\\\/www.kabulluftbruecke.de\\\/en\\\/#organization\"},\"potentialAction\":[{\"@type\":\"SearchAction\",\"target\":{\"@type\":\"EntryPoint\",\"urlTemplate\":\"https:\\\/\\\/www.kabulluftbruecke.de\\\/en\\\/?s={search_term_string}\"},\"query-input\":{\"@type\":\"PropertyValueSpecification\",\"valueRequired\":true,\"valueName\":\"search_term_string\"}}],\"inLanguage\":\"en-US\"},{\"@type\":\"Organization\",\"@id\":\"https:\\\/\\\/www.kabulluftbruecke.de\\\/en\\\/#organization\",\"name\":\"Kabul Luftbr\u00fccke\",\"url\":\"https:\\\/\\\/www.kabulluftbruecke.de\\\/en\\\/\",\"logo\":{\"@type\":\"ImageObject\",\"inLanguage\":\"en-US\",\"@id\":\"https:\\\/\\\/www.kabulluftbruecke.de\\\/en\\\/#\\\/schema\\\/logo\\\/image\\\/\",\"url\":\"https:\\\/\\\/www.kabulluftbruecke.de\\\/wp-content\\\/uploads\\\/Luftbruecke.png\",\"contentUrl\":\"https:\\\/\\\/www.kabulluftbruecke.de\\\/wp-content\\\/uploads\\\/Luftbruecke.png\",\"width\":709,\"height\":185,\"caption\":\"Kabul Luftbr\u00fccke\"},\"image\":{\"@id\":\"https:\\\/\\\/www.kabulluftbruecke.de\\\/en\\\/#\\\/schema\\\/logo\\\/image\\\/\"},\"sameAs\":[\"https:\\\/\\\/www.facebook.com\\\/kabulluftbruecke\\\/\",\"https:\\\/\\\/x.com\\\/KabulLuftbrucke\",\"https:\\\/\\\/www.instagram.com\\\/kabul_luftbruecke\\\/\"]}]}<\/script>\n<!-- \/ Yoast SEO plugin. -->","yoast_head_json":{"title":"Our Mission - Kabul Luftbr\u00fccke","robots":{"index":"index","follow":"follow","max-snippet":"max-snippet:-1","max-image-preview":"max-image-preview:large","max-video-preview":"max-video-preview:-1"},"canonical":"https:\/\/www.kabulluftbruecke.de\/en\/about-us\/our-mission\/","og_locale":"en_US","og_type":"article","og_title":"Our Mission - Kabul Luftbr\u00fccke","og_url":"https:\/\/www.kabulluftbruecke.de\/en\/about-us\/our-mission\/","og_site_name":"Kabul Luftbr\u00fccke","article_publisher":"https:\/\/www.facebook.com\/kabulluftbruecke\/","article_modified_time":"2024-08-01T22:45:30+00:00","og_image":[{"width":1200,"height":630,"url":"https:\/\/www.kabulluftbruecke.de\/wp-content\/uploads\/1200x630-OpenGraph.png","type":"image\/png"}],"twitter_card":"summary_large_image","twitter_site":"@KabulLuftbrucke","twitter_misc":{"Est. reading time":"3 minutes"},"schema":{"@context":"https:\/\/schema.org","@graph":[{"@type":"WebPage","@id":"https:\/\/www.kabulluftbruecke.de\/en\/about-us\/our-mission\/","url":"https:\/\/www.kabulluftbruecke.de\/en\/about-us\/our-mission\/","name":"Our Mission - Kabul Luftbr\u00fccke","isPartOf":{"@id":"https:\/\/www.kabulluftbruecke.de\/en\/#website"},"datePublished":"2022-06-24T17:39:48+00:00","dateModified":"2024-08-01T22:45:30+00:00","breadcrumb":{"@id":"https:\/\/www.kabulluftbruecke.de\/en\/about-us\/our-mission\/#breadcrumb"},"inLanguage":"en-US","potentialAction":[{"@type":"ReadAction","target":["https:\/\/www.kabulluftbruecke.de\/en\/about-us\/our-mission\/"]}]},{"@type":"BreadcrumbList","@id":"https:\/\/www.kabulluftbruecke.de\/en\/about-us\/our-mission\/#breadcrumb","itemListElement":[{"@type":"ListItem","position":1,"name":"Startseite","item":"https:\/\/www.kabulluftbruecke.de\/en\/"},{"@type":"ListItem","position":2,"name":"About us","item":"https:\/\/www.kabulluftbruecke.de\/en\/about-us\/"},{"@type":"ListItem","position":3,"name":"Our Mission"}]},{"@type":"WebSite","@id":"https:\/\/www.kabulluftbruecke.de\/en\/#website","url":"https:\/\/www.kabulluftbruecke.de\/en\/","name":"Kabul Luftbr\u00fccke","description":"Unterst\u00fctze und fordere die Rettung aller Gef\u00e4hrdeten aus Afghanistan","publisher":{"@id":"https:\/\/www.kabulluftbruecke.de\/en\/#organization"},"potentialAction":[{"@type":"SearchAction","target":{"@type":"EntryPoint","urlTemplate":"https:\/\/www.kabulluftbruecke.de\/en\/?s={search_term_string}"},"query-input":{"@type":"PropertyValueSpecification","valueRequired":true,"valueName":"search_term_string"}}],"inLanguage":"en-US"},{"@type":"Organization","@id":"https:\/\/www.kabulluftbruecke.de\/en\/#organization","name":"Kabul Luftbr\u00fccke","url":"https:\/\/www.kabulluftbruecke.de\/en\/","logo":{"@type":"ImageObject","inLanguage":"en-US","@id":"https:\/\/www.kabulluftbruecke.de\/en\/#\/schema\/logo\/image\/","url":"https:\/\/www.kabulluftbruecke.de\/wp-content\/uploads\/Luftbruecke.png","contentUrl":"https:\/\/www.kabulluftbruecke.de\/wp-content\/uploads\/Luftbruecke.png","width":709,"height":185,"caption":"Kabul Luftbr\u00fccke"},"image":{"@id":"https:\/\/www.kabulluftbruecke.de\/en\/#\/schema\/logo\/image\/"},"sameAs":["https:\/\/www.facebook.com\/kabulluftbruecke\/","https:\/\/x.com\/KabulLuftbrucke","https:\/\/www.instagram.com\/kabul_luftbruecke\/"]}]}},"jetpack_sharing_enabled":true,"_links":{"self":[{"href":"https:\/\/www.kabulluftbruecke.de\/en\/wp-json\/wp\/v2\/pages\/1616","targetHints":{"allow":["GET"]}}],"collection":[{"href":"https:\/\/www.kabulluftbruecke.de\/en\/wp-json\/wp\/v2\/pages"}],"about":[{"href":"https:\/\/www.kabulluftbruecke.de\/en\/wp-json\/wp\/v2\/types\/page"}],"author":[{"embeddable":true,"href":"https:\/\/www.kabulluftbruecke.de\/en\/wp-json\/wp\/v2\/users\/7"}],"replies":[{"embeddable":true,"href":"https:\/\/www.kabulluftbruecke.de\/en\/wp-json\/wp\/v2\/comments?post=1616"}],"version-history":[{"count":0,"href":"https:\/\/www.kabulluftbruecke.de\/en\/wp-json\/wp\/v2\/pages\/1616\/revisions"}],"up":[{"embeddable":true,"href":"https:\/\/www.kabulluftbruecke.de\/en\/wp-json\/wp\/v2\/pages\/1507"}],"wp:attachment":[{"href":"https:\/\/www.kabulluftbruecke.de\/en\/wp-json\/wp\/v2\/media?parent=1616"}],"curies":[{"name":"wp","href":"https:\/\/api.w.org\/{rel}","templated":true}]}}