{"id":1633,"date":"2022-07-08T21:33:07","date_gmt":"2022-07-08T19:33:07","guid":{"rendered":"https:\/\/www.kabulluftbruecke.de\/donate\/sofortspende\/"},"modified":"2024-12-31T10:44:59","modified_gmt":"2024-12-31T09:44:59","slug":"donation","status":"publish","type":"page","link":"https:\/\/www.kabulluftbruecke.de\/en\/donation\/","title":{"rendered":"Donation"},"content":{"rendered":"<p><div class=\"fusion-fullwidth fullwidth-box fusion-builder-row-1 fusion-flex-container has-pattern-background has-mask-background nonhundred-percent-fullwidth non-hundred-percent-height-scrolling\" style=\"--awb-border-radius-top-left:0px;--awb-border-radius-top-right:0px;--awb-border-radius-bottom-right:0px;--awb-border-radius-bottom-left:0px;--awb-flex-wrap:wrap;\" ><div class=\"fusion-builder-row fusion-row fusion-flex-align-items-flex-start fusion-flex-content-wrap\" style=\"max-width:1248px;margin-left: calc(-4% \/ 2 );margin-right: calc(-4% \/ 2 );\"><div class=\"fusion-layout-column fusion_builder_column fusion-builder-column-0 fusion_builder_column_1_1 1_1 fusion-flex-column\" style=\"--awb-bg-size:cover;--awb-width-large:100%;--awb-margin-top-large:0px;--awb-spacing-right-large:1.92%;--awb-margin-bottom-large:20px;--awb-spacing-left-large:1.92%;--awb-width-medium:100%;--awb-order-medium:0;--awb-spacing-right-medium:1.92%;--awb-spacing-left-medium:1.92%;--awb-width-small:100%;--awb-order-small:0;--awb-spacing-right-small:1.92%;--awb-spacing-left-small:1.92%;\"><div class=\"fusion-column-wrapper fusion-column-has-shadow fusion-flex-justify-content-flex-start fusion-content-layout-column\"><div class=\"fusion-image-element \" style=\"--awb-caption-title-font-family:var(--h2_typography-font-family);--awb-caption-title-font-weight:var(--h2_typography-font-weight);--awb-caption-title-font-style:var(--h2_typography-font-style);--awb-caption-title-size:var(--h2_typography-font-size);--awb-caption-title-transform:var(--h2_typography-text-transform);--awb-caption-title-line-height:var(--h2_typography-line-height);--awb-caption-title-letter-spacing:var(--h2_typography-letter-spacing);\"><span class=\" fusion-imageframe imageframe-none imageframe-1 hover-type-none\"><img decoding=\"async\" width=\"2560\" height=\"1187\" title=\"Banner new\" src=\"https:\/\/www.kabulluftbruecke.de\/wp-content\/uploads\/Banner-new-scaled.jpg\" alt class=\"img-responsive wp-image-5606\" srcset=\"https:\/\/www.kabulluftbruecke.de\/wp-content\/uploads\/Banner-new-200x93.jpg 200w, https:\/\/www.kabulluftbruecke.de\/wp-content\/uploads\/Banner-new-400x185.jpg 400w, https:\/\/www.kabulluftbruecke.de\/wp-content\/uploads\/Banner-new-600x278.jpg 600w, https:\/\/www.kabulluftbruecke.de\/wp-content\/uploads\/Banner-new-800x371.jpg 800w, https:\/\/www.kabulluftbruecke.de\/wp-content\/uploads\/Banner-new-1200x556.jpg 1200w, https:\/\/www.kabulluftbruecke.de\/wp-content\/uploads\/Banner-new-scaled.jpg 2560w\" sizes=\"(max-width: 640px) 100vw, 1200px\" \/><\/span><\/div><\/div><\/div><\/div><\/div><div class=\"fusion-fullwidth fullwidth-box fusion-builder-row-2 fusion-flex-container has-pattern-background has-mask-background nonhundred-percent-fullwidth non-hundred-percent-height-scrolling\" style=\"--awb-background-position:left top;--awb-border-sizes-top:0px;--awb-border-sizes-bottom:0px;--awb-border-sizes-left:0px;--awb-border-sizes-right:0px;--awb-border-radius-top-left:0px;--awb-border-radius-top-right:0px;--awb-border-radius-bottom-right:0px;--awb-border-radius-bottom-left:0px;--awb-margin-bottom-medium:80px;--awb-margin-bottom-small:60px;--awb-background-color:var(--awb-color1);--awb-flex-wrap:wrap;\" ><div class=\"fusion-builder-row fusion-row fusion-flex-align-items-flex-start fusion-flex-justify-content-center fusion-flex-content-wrap\" style=\"max-width:1248px;margin-left: calc(-4% \/ 2 );margin-right: calc(-4% \/ 2 );\"><div class=\"fusion-layout-column fusion_builder_column fusion-builder-column-1 fusion_builder_column_2_3 2_3 fusion-flex-column fusion-flex-align-self-flex-start fusion-column-no-min-height\" style=\"--awb-bg-blend:overlay;--awb-bg-size:cover;--awb-width-large:66.666666666667%;--awb-margin-top-large:20px;--awb-spacing-right-large:2.88%;--awb-margin-bottom-large:40px;--awb-spacing-left-large:2.88%;--awb-width-medium:80%;--awb-order-medium:0;--awb-spacing-right-medium:2.4%;--awb-spacing-left-medium:2.4%;--awb-width-small:100%;--awb-order-small:0;--awb-spacing-right-small:1.92%;--awb-spacing-left-small:1.92%;\" data-scroll-devices=\"small-visibility,medium-visibility,large-visibility\"><div class=\"fusion-column-wrapper fusion-column-has-shadow fusion-flex-justify-content-flex-start fusion-content-layout-column\"><div class=\"fusion-title title fusion-title-1 fusion-sep-none fusion-title-text fusion-title-size-two\"><h2 class=\"fusion-title-heading title-heading-left\" style=\"margin:0;\"><h2>Let us not forget Afghanistan<\/h2><\/h2><\/div><div class=\"fusion-text fusion-text-1\"><p class=\"western\"><strong>Thanks to your donations, we have already been able to help several thousand people leave Afghanistan and advocate for the reception of those seeking protection. But our work continues.<\/strong><\/p>\n<div id=\"tw-target-text-container\" dir=\"ltr\">\n<p>Many more human rights activists, women&#8217;s rights activists, members of the German Armed Forces, media workers and many more have to be brought to safety.<\/p>\n<p>In addition, you can imagine that the departure and onward journey to Germany is a bureaucratic process that often takes a long time. Therefore, we try to support as many people as possible during their interim stay in Pakistan and Iran. Our teams on the ground organize safe accommodation, accompaniment at visa appointments and medical care.<\/p>\n<p>We also want to make a lasting political difference: <strong>we continue to campaign hard for the German government to fulfill its responsibility and allow people at risk to be admitted to Germany.<\/strong><\/p>\n<p><strong>Let us continue to fight together for the admission of endangered people from Afghanistan. Even the smallest donation helps!<\/strong><\/p>\n<\/div>\n<\/div><div class=\"fusion-separator fusion-full-width-sep\" style=\"align-self: center;margin-left: auto;margin-right: auto;margin-bottom:30px;width:100%;\"><\/div><\/div><\/div><\/div><\/div><div class=\"fusion-fullwidth fullwidth-box fusion-builder-row-3 fusion-flex-container nonhundred-percent-fullwidth non-hundred-percent-height-scrolling\" style=\"--awb-background-position:left top;--awb-border-sizes-top:0px;--awb-border-sizes-bottom:0px;--awb-border-sizes-left:0px;--awb-border-sizes-right:0px;--awb-border-radius-top-left:0px;--awb-border-radius-top-right:0px;--awb-border-radius-bottom-right:0px;--awb-border-radius-bottom-left:0px;--awb-margin-bottom-medium:80px;--awb-margin-bottom-small:60px;--awb-background-color:var(--awb-color1);--awb-flex-wrap:wrap;\" ><div class=\"fusion-builder-row fusion-row fusion-flex-align-items-flex-start fusion-flex-justify-content-center fusion-flex-content-wrap\" style=\"max-width:1248px;margin-left: calc(-4% \/ 2 );margin-right: calc(-4% \/ 2 );\"><div class=\"fusion-layout-column fusion_builder_column fusion-builder-column-2 fusion_builder_column_1_2 1_2 fusion-flex-column fusion-flex-align-self-flex-start fusion-column-no-min-height\" style=\"--awb-bg-blend:overlay;--awb-bg-size:cover;--awb-width-large:50%;--awb-margin-top-large:-40px;--awb-spacing-right-large:3.84%;--awb-margin-bottom-large:40px;--awb-spacing-left-large:3.84%;--awb-width-medium:80%;--awb-order-medium:0;--awb-spacing-right-medium:2.4%;--awb-spacing-left-medium:2.4%;--awb-width-small:100%;--awb-order-small:0;--awb-spacing-right-small:1.92%;--awb-spacing-left-small:1.92%;\"><div class=\"fusion-column-wrapper fusion-column-has-shadow fusion-flex-justify-content-flex-start fusion-content-layout-column\"><script type=\"text\/javascript\" src=\"https:\/\/secure.fundraisingbox.com\/app\/paymentJS?hash=x1h8j3gyvowb8na3\"><\/script><noscript>Please enable JavaScript<\/noscript><div class=\"fusion-separator fusion-full-width-sep\" style=\"align-self: center;margin-left: auto;margin-right: auto;margin-bottom:30px;width:100%;\"><\/div><a target=\"_blank\" href=\"https:\/\/www.fundraisingbox.com\/?utm_source=donation_form\">\n  <img decoding=\"async\" border=\"0\" style=\"border: 0 !important; width: 100px; height: 50px;\" src=\"https:\/\/secure.fundraisingbox.com\/images\/FundraisingBox-Logo-Widget.png\" alt=\"FundraisingBox Logo\" \/>\n<\/a>\n<\/div><\/div><div class=\"fusion-layout-column fusion_builder_column fusion-builder-column-3 fusion_builder_column_1_2 1_2 fusion-flex-column fusion-flex-align-self-flex-start fusion-column-no-min-height\" style=\"--awb-bg-blend:overlay;--awb-bg-size:cover;--awb-width-large:50%;--awb-margin-top-large:-40px;--awb-spacing-right-large:3.84%;--awb-margin-bottom-large:40px;--awb-spacing-left-large:3.84%;--awb-width-medium:80%;--awb-order-medium:0;--awb-spacing-right-medium:2.4%;--awb-spacing-left-medium:2.4%;--awb-width-small:100%;--awb-order-small:0;--awb-spacing-right-small:1.92%;--awb-spacing-left-small:1.92%;\"><div class=\"fusion-column-wrapper fusion-column-has-shadow fusion-flex-justify-content-flex-start fusion-content-layout-column\"><div class=\"fusion-text fusion-text-2\"><div class=\"fusion-title title fusion-title-3 fusion-sep-none fusion-title-text fusion-title-size-three\"><\/div>\n<div class=\"fusion-text fusion-text-4\">\n<div class=\"fusion-text fusion-text-4\"><\/div>\n<\/div>\n<div class=\"group\/conversation-turn relative flex w-full min-w-0 flex-col agent-turn\">\n<div class=\"flex-col gap-1 md:gap-3\">\n<div class=\"flex flex-grow flex-col max-w-full\">\n<div class=\"min-h-&#091;20px&#093; text-message flex w-full flex-col items-end gap-2 whitespace-pre-wrap break-words &#091;.text-message+&amp;&#093;:mt-5 overflow-x-auto\" dir=\"auto\" data-message-author-role=\"assistant\" data-message-id=\"56d8fb6c-abb2-4674-b33b-53e02b7a5b8f\">\n<div class=\"flex w-full flex-col gap-1 empty:hidden first:pt-&#091;3px&#093;\">\n<div class=\"markdown prose w-full break-words dark:prose-invert dark\">\n<h3>What happens with my donation?<\/h3>\n<p>Your donation is managed by Aab Humanitarian Association gGmbH.<br \/>\nAab Humanitarian Association gGmbH administers the donations and ensures they help as many people as possible.<br \/>\nIf you have any questions about the donation campaign, feel free to send an email to: <a rel=\"noreferrer\">spenden@kabulluftbruecke.de<\/a><br \/>\nRegular donations help us the most. They provide us with greater planning security and allow us to bring even more people to safety.<\/p>\n<p><strong>Donate now via bank transfer:<\/strong><br \/>\nAccount holder: Aab Humanitarian Association gGmbH<br \/>\nPurpose: Kabul Luftbr\u00fccke or Afghanistan<br \/>\nIBAN: DE63 1002 0890 0043 0344 30<br \/>\nBIC: HYVEDEMM488<br \/>\nBank: HypoVereinsbank<\/p>\n<p><strong>Transparency<\/strong><br \/>\n<a href=\"https:\/\/lnob.net\/jahresberichte\/\" target=\"_blank\" rel=\"noopener\">Here<\/a>\u00a0you can find the annual reports of Civilfleet support e.V., as they managed the Kabul Luftbr\u00fccke project until July 2024. Future annual reports will be published by Aab Humanitarian Association gGmbH.<\/p>\n<p><strong>Questions about donations?<\/strong><br \/>\nFor more information about donations, please check our <a href=\"https:\/\/www.kabulluftbruecke.de\/en\/faqs\/\" target=\"_blank\" rel=\"noopener\">Donation FAQs<\/a>.<\/p>\n<\/div>\n<\/div>\n<\/div>\n<\/div>\n<\/div>\n<\/div>\n<\/div><\/div><\/div>\n<\/div><\/div><div class=\"fusion-fullwidth fullwidth-box fusion-builder-row-4 fusion-flex-container has-pattern-background has-mask-background nonhundred-percent-fullwidth non-hundred-percent-height-scrolling\" style=\"--awb-border-radius-top-left:0px;--awb-border-radius-top-right:0px;--awb-border-radius-bottom-right:0px;--awb-border-radius-bottom-left:0px;--awb-padding-top:1.5rem;--awb-padding-right:1.5rem;--awb-padding-bottom:1.5rem;--awb-padding-left:1.5rem;--awb-background-color:#9095bb;--awb-flex-wrap:wrap;\" ><div class=\"fusion-builder-row fusion-row fusion-flex-align-items-stretch fusion-flex-content-wrap\" style=\"max-width:1248px;margin-left: calc(-4% \/ 2 );margin-right: calc(-4% \/ 2 );\"><div class=\"fusion-layout-column fusion_builder_column fusion-builder-column-4 fusion_builder_column_1_2 1_2 fusion-flex-column\" style=\"--awb-bg-size:cover;--awb-width-large:50%;--awb-margin-top-large:0px;--awb-spacing-right-large:3.84%;--awb-margin-bottom-large:20px;--awb-spacing-left-large:3.84%;--awb-width-medium:50%;--awb-order-medium:0;--awb-spacing-right-medium:3.84%;--awb-spacing-left-medium:3.84%;--awb-width-small:100%;--awb-order-small:0;--awb-spacing-right-small:1.92%;--awb-spacing-left-small:1.92%;\"><div class=\"fusion-column-wrapper fusion-column-has-shadow fusion-flex-justify-content-space-around fusion-content-layout-column\"><div class=\"fusion-title title fusion-title-2 fusion-sep-none fusion-title-center fusion-title-text fusion-title-size-three\" style=\"--awb-text-color:#ffffff;--awb-margin-bottom:1.5rem;\"><h3 class=\"fusion-title-heading title-heading-center\" style=\"margin:0;\">Your donation will be used efficiently<\/h3><\/div><div class=\"fusion-text fusion-text-3\" style=\"--awb-text-color:#ffffff;\"><ul>\n<li>90% Project work<\/li>\n<li>9% Administrative costs<\/li>\n<li>1% Advertising costs<\/li>\n<\/ul>\n<\/div><\/div><\/div><div class=\"fusion-layout-column fusion_builder_column fusion-builder-column-5 fusion_builder_column_1_2 1_2 fusion-flex-column\" style=\"--awb-bg-size:cover;--awb-width-large:50%;--awb-margin-top-large:0px;--awb-spacing-right-large:3.84%;--awb-margin-bottom-large:20px;--awb-spacing-left-large:3.84%;--awb-width-medium:50%;--awb-order-medium:0;--awb-spacing-right-medium:3.84%;--awb-spacing-left-medium:3.84%;--awb-width-small:100%;--awb-order-small:0;--awb-spacing-right-small:1.92%;--awb-spacing-left-small:1.92%;\"><div class=\"fusion-column-wrapper fusion-column-has-shadow fusion-flex-justify-content-space-around fusion-content-layout-column\"><div class=\"fusion-title title fusion-title-3 fusion-sep-none fusion-title-center fusion-title-text fusion-title-size-three\" style=\"--awb-text-color:#ffffff;--awb-margin-bottom:1.5rem;\"><h3 class=\"fusion-title-heading title-heading-center\" style=\"margin:0;\">Contact<\/h3><\/div><div class=\"fusion-text fusion-text-4\" style=\"--awb-text-color:#ffffff;\"><p style=\"text-align: center;\">If you have any questions about donations, feel free to contact <a href=\"mailto:spenden@kabulluftbruecke.de\"><strong>spenden@kabulluftbruecke.de<\/strong><\/a>\u00a0<span style=\"font-weight: 400;\">or check our <a href=\"https:\/\/www.kabulluftbruecke.de\/en\/faqs\/\">donation FAQs<\/a><\/span>.<\/p>\n<\/div><\/div><\/div><\/div><\/div><\/p>\n","protected":false},"excerpt":{"rendered":"","protected":false},"author":7,"featured_media":0,"parent":0,"menu_order":0,"comment_status":"closed","ping_status":"closed","template":"100-width.php","meta":{"footnotes":""},"class_list":["post-1633","page","type-page","status-publish","hentry"],"yoast_head":"<!-- This site is optimized with the Yoast SEO plugin v27.5 - https:\/\/yoast.com\/product\/yoast-seo-wordpress\/ -->\n<title>Donation - Kabul Luftbr\u00fccke<\/title>\n<meta name=\"robots\" content=\"index, follow, max-snippet:-1, max-image-preview:large, max-video-preview:-1\" \/>\n<link rel=\"canonical\" href=\"https:\/\/www.kabulluftbruecke.de\/en\/donation\/\" \/>\n<meta property=\"og:locale\" content=\"en_US\" \/>\n<meta property=\"og:type\" content=\"article\" \/>\n<meta property=\"og:title\" content=\"Donation - Kabul Luftbr\u00fccke\" \/>\n<meta property=\"og:url\" content=\"https:\/\/www.kabulluftbruecke.de\/en\/donation\/\" \/>\n<meta property=\"og:site_name\" content=\"Kabul Luftbr\u00fccke\" \/>\n<meta property=\"article:publisher\" content=\"https:\/\/www.facebook.com\/kabulluftbruecke\/\" \/>\n<meta property=\"article:modified_time\" content=\"2024-12-31T09:44:59+00:00\" \/>\n<meta property=\"og:image\" content=\"https:\/\/www.kabulluftbruecke.de\/wp-content\/uploads\/1200x630-OpenGraph.png\" \/>\n\t<meta property=\"og:image:width\" content=\"1200\" \/>\n\t<meta property=\"og:image:height\" content=\"630\" \/>\n\t<meta property=\"og:image:type\" content=\"image\/png\" \/>\n<meta name=\"twitter:card\" content=\"summary_large_image\" \/>\n<meta name=\"twitter:site\" content=\"@KabulLuftbrucke\" \/>\n<meta name=\"twitter:label1\" content=\"Est. reading time\" \/>\n\t<meta name=\"twitter:data1\" content=\"2 minutes\" \/>\n<script type=\"application\/ld+json\" class=\"yoast-schema-graph\">{\"@context\":\"https:\\\/\\\/schema.org\",\"@graph\":[{\"@type\":\"WebPage\",\"@id\":\"https:\\\/\\\/www.kabulluftbruecke.de\\\/en\\\/donation\\\/\",\"url\":\"https:\\\/\\\/www.kabulluftbruecke.de\\\/en\\\/donation\\\/\",\"name\":\"Donation - Kabul Luftbr\u00fccke\",\"isPartOf\":{\"@id\":\"https:\\\/\\\/www.kabulluftbruecke.de\\\/en\\\/#website\"},\"datePublished\":\"2022-07-08T19:33:07+00:00\",\"dateModified\":\"2024-12-31T09:44:59+00:00\",\"breadcrumb\":{\"@id\":\"https:\\\/\\\/www.kabulluftbruecke.de\\\/en\\\/donation\\\/#breadcrumb\"},\"inLanguage\":\"en-US\",\"potentialAction\":[{\"@type\":\"ReadAction\",\"target\":[\"https:\\\/\\\/www.kabulluftbruecke.de\\\/en\\\/donation\\\/\"]}]},{\"@type\":\"BreadcrumbList\",\"@id\":\"https:\\\/\\\/www.kabulluftbruecke.de\\\/en\\\/donation\\\/#breadcrumb\",\"itemListElement\":[{\"@type\":\"ListItem\",\"position\":1,\"name\":\"Startseite\",\"item\":\"https:\\\/\\\/www.kabulluftbruecke.de\\\/en\\\/\"},{\"@type\":\"ListItem\",\"position\":2,\"name\":\"Donation\"}]},{\"@type\":\"WebSite\",\"@id\":\"https:\\\/\\\/www.kabulluftbruecke.de\\\/en\\\/#website\",\"url\":\"https:\\\/\\\/www.kabulluftbruecke.de\\\/en\\\/\",\"name\":\"Kabul Luftbr\u00fccke\",\"description\":\"Unterst\u00fctze und fordere die Rettung aller Gef\u00e4hrdeten aus Afghanistan\",\"publisher\":{\"@id\":\"https:\\\/\\\/www.kabulluftbruecke.de\\\/en\\\/#organization\"},\"potentialAction\":[{\"@type\":\"SearchAction\",\"target\":{\"@type\":\"EntryPoint\",\"urlTemplate\":\"https:\\\/\\\/www.kabulluftbruecke.de\\\/en\\\/?s={search_term_string}\"},\"query-input\":{\"@type\":\"PropertyValueSpecification\",\"valueRequired\":true,\"valueName\":\"search_term_string\"}}],\"inLanguage\":\"en-US\"},{\"@type\":\"Organization\",\"@id\":\"https:\\\/\\\/www.kabulluftbruecke.de\\\/en\\\/#organization\",\"name\":\"Kabul Luftbr\u00fccke\",\"url\":\"https:\\\/\\\/www.kabulluftbruecke.de\\\/en\\\/\",\"logo\":{\"@type\":\"ImageObject\",\"inLanguage\":\"en-US\",\"@id\":\"https:\\\/\\\/www.kabulluftbruecke.de\\\/en\\\/#\\\/schema\\\/logo\\\/image\\\/\",\"url\":\"https:\\\/\\\/www.kabulluftbruecke.de\\\/wp-content\\\/uploads\\\/Luftbruecke.png\",\"contentUrl\":\"https:\\\/\\\/www.kabulluftbruecke.de\\\/wp-content\\\/uploads\\\/Luftbruecke.png\",\"width\":709,\"height\":185,\"caption\":\"Kabul Luftbr\u00fccke\"},\"image\":{\"@id\":\"https:\\\/\\\/www.kabulluftbruecke.de\\\/en\\\/#\\\/schema\\\/logo\\\/image\\\/\"},\"sameAs\":[\"https:\\\/\\\/www.facebook.com\\\/kabulluftbruecke\\\/\",\"https:\\\/\\\/x.com\\\/KabulLuftbrucke\",\"https:\\\/\\\/www.instagram.com\\\/kabul_luftbruecke\\\/\"]}]}<\/script>\n<!-- \/ Yoast SEO plugin. -->","yoast_head_json":{"title":"Donation - Kabul Luftbr\u00fccke","robots":{"index":"index","follow":"follow","max-snippet":"max-snippet:-1","max-image-preview":"max-image-preview:large","max-video-preview":"max-video-preview:-1"},"canonical":"https:\/\/www.kabulluftbruecke.de\/en\/donation\/","og_locale":"en_US","og_type":"article","og_title":"Donation - Kabul Luftbr\u00fccke","og_url":"https:\/\/www.kabulluftbruecke.de\/en\/donation\/","og_site_name":"Kabul Luftbr\u00fccke","article_publisher":"https:\/\/www.facebook.com\/kabulluftbruecke\/","article_modified_time":"2024-12-31T09:44:59+00:00","og_image":[{"width":1200,"height":630,"url":"https:\/\/www.kabulluftbruecke.de\/wp-content\/uploads\/1200x630-OpenGraph.png","type":"image\/png"}],"twitter_card":"summary_large_image","twitter_site":"@KabulLuftbrucke","twitter_misc":{"Est. reading time":"2 minutes"},"schema":{"@context":"https:\/\/schema.org","@graph":[{"@type":"WebPage","@id":"https:\/\/www.kabulluftbruecke.de\/en\/donation\/","url":"https:\/\/www.kabulluftbruecke.de\/en\/donation\/","name":"Donation - Kabul Luftbr\u00fccke","isPartOf":{"@id":"https:\/\/www.kabulluftbruecke.de\/en\/#website"},"datePublished":"2022-07-08T19:33:07+00:00","dateModified":"2024-12-31T09:44:59+00:00","breadcrumb":{"@id":"https:\/\/www.kabulluftbruecke.de\/en\/donation\/#breadcrumb"},"inLanguage":"en-US","potentialAction":[{"@type":"ReadAction","target":["https:\/\/www.kabulluftbruecke.de\/en\/donation\/"]}]},{"@type":"BreadcrumbList","@id":"https:\/\/www.kabulluftbruecke.de\/en\/donation\/#breadcrumb","itemListElement":[{"@type":"ListItem","position":1,"name":"Startseite","item":"https:\/\/www.kabulluftbruecke.de\/en\/"},{"@type":"ListItem","position":2,"name":"Donation"}]},{"@type":"WebSite","@id":"https:\/\/www.kabulluftbruecke.de\/en\/#website","url":"https:\/\/www.kabulluftbruecke.de\/en\/","name":"Kabul Luftbr\u00fccke","description":"Unterst\u00fctze und fordere die Rettung aller Gef\u00e4hrdeten aus Afghanistan","publisher":{"@id":"https:\/\/www.kabulluftbruecke.de\/en\/#organization"},"potentialAction":[{"@type":"SearchAction","target":{"@type":"EntryPoint","urlTemplate":"https:\/\/www.kabulluftbruecke.de\/en\/?s={search_term_string}"},"query-input":{"@type":"PropertyValueSpecification","valueRequired":true,"valueName":"search_term_string"}}],"inLanguage":"en-US"},{"@type":"Organization","@id":"https:\/\/www.kabulluftbruecke.de\/en\/#organization","name":"Kabul Luftbr\u00fccke","url":"https:\/\/www.kabulluftbruecke.de\/en\/","logo":{"@type":"ImageObject","inLanguage":"en-US","@id":"https:\/\/www.kabulluftbruecke.de\/en\/#\/schema\/logo\/image\/","url":"https:\/\/www.kabulluftbruecke.de\/wp-content\/uploads\/Luftbruecke.png","contentUrl":"https:\/\/www.kabulluftbruecke.de\/wp-content\/uploads\/Luftbruecke.png","width":709,"height":185,"caption":"Kabul Luftbr\u00fccke"},"image":{"@id":"https:\/\/www.kabulluftbruecke.de\/en\/#\/schema\/logo\/image\/"},"sameAs":["https:\/\/www.facebook.com\/kabulluftbruecke\/","https:\/\/x.com\/KabulLuftbrucke","https:\/\/www.instagram.com\/kabul_luftbruecke\/"]}]}},"jetpack_sharing_enabled":true,"_links":{"self":[{"href":"https:\/\/www.kabulluftbruecke.de\/en\/wp-json\/wp\/v2\/pages\/1633","targetHints":{"allow":["GET"]}}],"collection":[{"href":"https:\/\/www.kabulluftbruecke.de\/en\/wp-json\/wp\/v2\/pages"}],"about":[{"href":"https:\/\/www.kabulluftbruecke.de\/en\/wp-json\/wp\/v2\/types\/page"}],"author":[{"embeddable":true,"href":"https:\/\/www.kabulluftbruecke.de\/en\/wp-json\/wp\/v2\/users\/7"}],"replies":[{"embeddable":true,"href":"https:\/\/www.kabulluftbruecke.de\/en\/wp-json\/wp\/v2\/comments?post=1633"}],"version-history":[{"count":0,"href":"https:\/\/www.kabulluftbruecke.de\/en\/wp-json\/wp\/v2\/pages\/1633\/revisions"}],"wp:attachment":[{"href":"https:\/\/www.kabulluftbruecke.de\/en\/wp-json\/wp\/v2\/media?parent=1633"}],"curies":[{"name":"wp","href":"https:\/\/api.w.org\/{rel}","templated":true}]}}