{"id":695,"date":"2022-06-22T19:48:27","date_gmt":"2022-06-22T17:48:27","guid":{"rendered":"https:\/\/www.kabulluftbruecke.de\/home\/"},"modified":"2024-03-17T12:11:42","modified_gmt":"2024-03-17T11:11:42","slug":"home","status":"publish","type":"page","link":"https:\/\/www.kabulluftbruecke.de\/ps\/","title":{"rendered":"Home"},"content":{"rendered":"<p><div class=\"fusion-fullwidth fullwidth-box fusion-builder-row-1 fusion-flex-container has-pattern-background has-mask-background nonhundred-percent-fullwidth non-hundred-percent-height-scrolling\" style=\"--awb-border-radius-top-left:0px;--awb-border-radius-top-right:0px;--awb-border-radius-bottom-right:0px;--awb-border-radius-bottom-left:0px;--awb-background-color:var(--awb-color1);--awb-flex-wrap:wrap;\" ><div class=\"fusion-builder-row fusion-row fusion-flex-align-items-flex-start fusion-flex-content-wrap\" style=\"max-width:1248px;margin-left: calc(-4% \/ 2 );margin-right: calc(-4% \/ 2 );\"><div class=\"fusion-layout-column fusion_builder_column fusion-builder-column-0 fusion_builder_column_1_1 1_1 fusion-flex-column\" style=\"--awb-bg-color:var(--awb-color1);--awb-bg-color-hover:var(--awb-color1);--awb-bg-size:cover;--awb-width-large:100%;--awb-margin-top-large:0px;--awb-spacing-right-large:1.92%;--awb-margin-bottom-large:20px;--awb-spacing-left-large:1.92%;--awb-width-medium:100%;--awb-order-medium:0;--awb-spacing-right-medium:1.92%;--awb-spacing-left-medium:1.92%;--awb-width-small:100%;--awb-order-small:0;--awb-spacing-right-small:1.92%;--awb-spacing-left-small:1.92%;\" data-scroll-devices=\"small-visibility,medium-visibility,large-visibility\"><div class=\"fusion-column-wrapper fusion-column-has-shadow fusion-flex-justify-content-flex-start fusion-content-layout-column\"><div class=\"fusion-alert alert error alert-danger fusion-alert-center awb-alert-native-link-color alert-dismissable awb-alert-close-boxed fusion-animated\" role=\"alert\" data-animationType=\"bounceIn\" data-animationDuration=\"0.3\" data-animationOffset=\"top-into-view\"><div class=\"fusion-alert-content-wrapper\"><span class=\"alert-icon\"><i class=\"awb-icon-exclamation-triangle\" aria-hidden=\"true\"><\/i><\/span><span class=\"fusion-alert-content\"><p style=\"text-align: right;\"><strong>!\u067e\u0627\u0645\u0644\u0631\u0646\u0647: \u0644\u0647 \u062f\u0631\u063a\u0644\u06cc\u0648 \u0681\u0627\u0646 \u0648\u0633\u0627\u062a\u0626<\/strong><\/p>\n<p style=\"text-align: right;\">\u06a9\u0627\u0628\u0644 \u0644\u0648\u0641\u062a\u0628\u0631\u0648\u06a9\u0647 \u062f \u0647\u063a\u0648 \u062e\u0644\u06a9\u0648 \u0685\u062e\u0647 \u067e\u06cc\u0633\u06d0 \u0646\u0647 \u0627\u062e\u0644\u064a \u0685\u0648\u06a9 \u0686\u06d0 \u0645\u0631\u0633\u062a\u0647 \u063a\u0648\u0627\u0693\u064a! \u0632\u0645\u0648\u0696 \u067c\u0648\u0644 \u062e\u062f\u0645\u062a\u0648\u0646\u0647 \u0648\u0693\u06cc\u0627 \u062f\u064a!<\/p>\n<p style=\"text-align: right;\">\u06a9\u0627\u0628\u0644 \u0644\u0648\u0641\u062a\u0628\u0631\u0648\u06a9\u0647 \u067e\u0647 \u0622\u0644\u0645\u0627\u0646 \u06a9\u06d0 \u062f \u0645\u0646\u0644\u0648 \u0644\u067e\u0627\u0631\u0647 \u0645\u0646\u0638\u0648\u0631\u06cd \u0646\u0647 \u0648\u0631 \u06a9\u0648\u064a!<\/p>\n<p style=\"text-align: right;\">\u062f \u0647\u063a\u0648 \u0645\u0648\u0633\u0633\u0647 \u0648\u0693\u0627\u0646\u062f\u06cc\u0632\u0648\u0646\u0647 \u0686\u06d0 \u062f \u0646\u0648\u0645 \u0644\u06cc\u06a9\u0646\u06d0 \u0644\u067e\u0627\u0631\u0647 \u067e\u06cc\u0633\u06d0 \u0627\u062e\u0644\u064a \u062c\u0639\u0644\u064a \u062f\u064a! \u067e\u0647 \u062f\u06d0 \u0648\u0631\u0648\u0633\u062a\u06cc\u0648 \u06a9\u06d0\u060c \u0689\u06cc\u0631 \u062e\u0644\u06a9 \u067e\u0647 \u062f\u0631\u0648\u063a\u0648 \u0627\u062f\u0639\u0627 \u06a9\u0648\u064a \u0686\u06d0 \u062f \u06a9\u0627\u0628\u0644 \u0644\u0648\u0641\u062a\u0628\u0631\u0648\u06a9\u0647 \u06cc\u0648\u0647 \u0628\u0631\u062e\u0647 \u062f\u0647 \u0627\u0648 \u062f \u067e\u06cc\u0633\u0648 \u063a\u0648\u069a\u062a\u0646\u0647 \u06a9\u0648\u064a. \u06a9\u0647 \u062a\u0627\u0633\u0648 \u0644\u0647 \u062f\u0627\u0633\u06d0 \u067e\u06cc\u069a\u06d0 \u0633\u0631\u0647 \u0645\u062e \u0634\u0626\u060c \u0645\u0647\u0631\u0628\u0627\u0646\u064a \u0648\u06a9\u0693\u0626 \u0644\u0627\u0646\u062f\u06d0 \u0628\u0631\u06cc\u069a\u0646\u0627\u0644\u06cc\u06a9 \u062a\u0647 \u06cc\u06d0 \u0631\u0627\u067e\u0648\u0631 \u0648\u0631\u06a9\u0693\u0626:<\/p>\n<p style=\"text-align: right;\">info@kabulluftbruecke.de<\/p>\n<p style=\"text-align: right;\">\u0633\u062a\u0627\u0633\u0648 \u0647\u0631 \u0685\u0647 \u0645\u0639\u0644\u0648\u0645\u0627\u062a \u0645\u0648\u0696 \u0633\u0631\u0647 \u0645\u0631\u0633\u062a\u0647 \u06a9\u0648\u064a \u0686\u06d0 \u062f \u062e\u0644\u06a9\u0648 \u062f \u062f\u0631\u063a\u0644\u06cc\u0648 \u0685\u062e\u0647 \u067e\u0647 \u069a\u0647 \u062a\u0648\u06ab\u0647 \u0633\u0627\u062a\u0646\u0647 \u0648\u06a9\u0693\u0648 &#8211; \u0633\u062a\u0627\u0633\u0648 \u062f \u0645\u0644\u0627\u062a\u0693 \u0685\u062e\u0647 \u0645\u0646\u0646\u0647.<\/p><\/span><\/div><button type=\"button\" class=\"close toggle-alert\" data-dismiss=\"alert\" aria-label=\"Close\">&times;<\/button><\/div><\/div><\/div><\/div><\/div><div class=\"fusion-fullwidth fullwidth-box fusion-builder-row-2 fusion-flex-container has-pattern-background has-mask-background fusion-parallax-none nonhundred-percent-fullwidth non-hundred-percent-height-scrolling\" style=\"--link_hover_color: var(--awb-color5);--link_color: var(--awb-color5);--awb-background-blend-mode:multiply;--awb-border-color:var(--awb-color1);--awb-border-radius-top-left:0px;--awb-border-radius-top-right:0px;--awb-border-radius-bottom-right:0px;--awb-border-radius-bottom-left:0px;--awb-padding-top:15vh;--awb-padding-bottom:15vh;--awb-padding-top-small:70px;--awb-padding-right-small:40px;--awb-padding-bottom-small:70px;--awb-padding-left-small:40px;--awb-margin-bottom-medium:80px;--awb-margin-top-small:0px;--awb-margin-bottom-small:60px;--awb-background-color:rgba(130,53,175,0);--awb-background-image:url(&quot;https:\/\/www.kabulluftbruecke.de\/wp-content\/uploads\/luftbruecke_background.jpg&quot;);--awb-background-size:cover;--awb-flex-wrap:wrap;\" ><div class=\"fusion-builder-row fusion-row fusion-flex-align-items-center fusion-flex-content-wrap\" style=\"max-width:1248px;margin-left: calc(-4% \/ 2 );margin-right: calc(-4% \/ 2 );\"><div class=\"fusion-layout-column fusion_builder_column fusion-builder-column-1 fusion_builder_column_1_1 1_1 fusion-flex-column\" style=\"--awb-padding-bottom-medium:0px;--awb-bg-size:cover;--awb-width-large:100%;--awb-margin-top-large:0px;--awb-spacing-right-large:1.92%;--awb-margin-bottom-large:0px;--awb-spacing-left-large:1.92%;--awb-width-medium:100%;--awb-order-medium:0;--awb-spacing-right-medium:1.92%;--awb-spacing-left-medium:1.92%;--awb-width-small:100%;--awb-order-small:0;--awb-spacing-right-small:1.92%;--awb-spacing-left-small:1.92%;\"><div class=\"fusion-column-wrapper fusion-column-has-shadow fusion-flex-justify-content-flex-start fusion-content-layout-column\"><div class=\"fusion-title title fusion-title-1 fusion-sep-none fusion-title-center fusion-title-text fusion-title-size-one kabul-header\" style=\"--awb-text-color:#ffffff;\"><h1 class=\"fusion-title-heading title-heading-center\" style=\"margin:0;\"><p style=\"text-align: center;\">\u0644\u0647 \u0627\u0641\u063a\u0627\u0646\u0633\u062a\u0627\u0646 \u0685\u062e\u0647 \u062f \u067c\u0648\u0644\u0648 \u0632\u06cc\u0627\u0646 \u0645\u0646\u0648\u0646\u06a9\u0648 \u062e\u0644\u06a9\u0648 \u062f \u062e\u0648\u0646\u062f\u064a \u062a\u06ab \u0645\u0644\u0627\u062a\u0693 \u0627\u0648 \u063a\u0648\u069a\u062a\u0646\u0647<\/p><\/h1><\/div><div class=\"fusion-separator fusion-full-width-sep\" style=\"align-self: center;margin-left: auto;margin-right: auto;margin-bottom:30px;width:100%;\"><\/div><div style=\"text-align:center;\"><a class=\"fusion-button button-flat fusion-button-default-size button-custom fusion-button-default button-1 fusion-button-default-span fusion-button-default-type\" style=\"--button_accent_color:var(--awb-color1);--button_accent_hover_color:var(--awb-color1);--button_border_hover_color:var(--awb-color1);--button-border-radius-top-left:25px;--button-border-radius-top-right:25px;--button-border-radius-bottom-right:25px;--button-border-radius-bottom-left:25px;--button_gradient_top_color:var(--awb-color4);--button_gradient_bottom_color:var(--awb-color4);--button_gradient_top_color_hover:var(--awb-color5);--button_gradient_bottom_color_hover:var(--awb-color5);\" target=\"_self\" href=\"https:\/\/www.kabulluftbruecke.de\/en\/donate\/donation\/\"><span class=\"fusion-button-text awb-button__text awb-button__text--default\">\u062f \u0627\u0693\u0645\u0646\u0648 \u062e\u0644\u06a9\u0648 \u0644\u067e\u0627\u0631\u0647 \u0628\u0633\u067e\u0646\u0647<\/span><\/a><\/div><\/div><\/div><\/div><\/div><div class=\"fusion-fullwidth fullwidth-box fusion-builder-row-3 fusion-flex-container has-pattern-background has-mask-background nonhundred-percent-fullwidth non-hundred-percent-height-scrolling\" style=\"--awb-border-radius-top-left:0px;--awb-border-radius-top-right:0px;--awb-border-radius-bottom-right:0px;--awb-border-radius-bottom-left:0px;--awb-flex-wrap:wrap;\" ><div class=\"fusion-builder-row fusion-row fusion-flex-align-items-flex-start fusion-flex-content-wrap\" style=\"max-width:1248px;margin-left: calc(-4% \/ 2 );margin-right: calc(-4% \/ 2 );\"><div class=\"fusion-layout-column fusion_builder_column fusion-builder-column-2 fusion_builder_column_1_1 1_1 fusion-flex-column\" style=\"--awb-bg-size:cover;--awb-width-large:100%;--awb-margin-top-large:0px;--awb-spacing-right-large:1.92%;--awb-margin-bottom-large:20px;--awb-spacing-left-large:1.92%;--awb-width-medium:100%;--awb-order-medium:0;--awb-spacing-right-medium:1.92%;--awb-spacing-left-medium:1.92%;--awb-width-small:100%;--awb-order-small:0;--awb-spacing-right-small:1.92%;--awb-spacing-left-small:1.92%;\"><div class=\"fusion-column-wrapper fusion-column-has-shadow fusion-flex-justify-content-flex-start fusion-content-layout-column\"><div class=\"fusion-section-separator section-separator big-half-circle fusion-section-separator-1\" style=\"--awb-spacer-height:120px;--awb-svg-margin-left:1.92%;--awb-svg-margin-right:1.92%;--awb-svg-margin-left-medium:1.92%;--awb-svg-margin-right-medium:1.92%;--awb-svg-margin-left-small:1.92%;--awb-svg-margin-right-small:1.92%;--awb-divider-height:120px;--awb-spacer-padding-top:inherit;--awb-sep-padding:0;--awb-svg-padding:0;--awb-margin-top:-120px;\"><div class=\"fusion-section-separator-svg\"><svg class=\"fusion-big-half-circle-candy\" xmlns=\"http:\/\/www.w3.org\/2000\/svg\" version=\"1.1\" width=\"100%\" height=\"100\" viewBox=\"0 0 100 100\" preserveAspectRatio=\"none\" fill=\"rgba(255,255,255,1)\"><path d=\"M0 100 C40 0 60 0 100 100 Z\"><\/path><\/svg><\/div><div class=\"fusion-section-separator-spacer\"><div class=\"fusion-section-separator-spacer-height\"><\/div><\/div><\/div><\/div><\/div><\/div><\/div><div class=\"fusion-fullwidth fullwidth-box fusion-builder-row-4 fusion-flex-container nonhundred-percent-fullwidth non-hundred-percent-height-scrolling\" style=\"--awb-background-position:left top;--awb-border-sizes-top:0px;--awb-border-sizes-bottom:0px;--awb-border-sizes-left:0px;--awb-border-sizes-right:0px;--awb-border-radius-top-left:0px;--awb-border-radius-top-right:0px;--awb-border-radius-bottom-right:0px;--awb-border-radius-bottom-left:0px;--awb-margin-bottom-medium:80px;--awb-margin-bottom-small:60px;--awb-background-color:var(--awb-color1);--awb-flex-wrap:wrap;\" ><div class=\"fusion-builder-row fusion-row fusion-flex-align-items-flex-start fusion-flex-justify-content-center fusion-flex-content-wrap\" style=\"max-width:1248px;margin-left: calc(-4% \/ 2 );margin-right: calc(-4% \/ 2 );\"><div class=\"fusion-layout-column fusion_builder_column fusion-builder-column-3 fusion-flex-column fusion-flex-align-self-flex-start fusion-column-no-min-height\" style=\"--awb-bg-blend:overlay;--awb-bg-size:cover;--awb-width-large:auto;--awb-margin-top-large:-40px;--awb-spacing-right-large:;--awb-margin-bottom-large:40px;--awb-spacing-left-large:2%;--awb-width-medium:80%;--awb-order-medium:0;--awb-spacing-right-medium:0%;--awb-spacing-left-medium:2.4%;--awb-width-small:100%;--awb-order-small:0;--awb-spacing-right-small:1.92%;--awb-spacing-left-small:1.92%;\"><div class=\"fusion-column-wrapper fusion-column-has-shadow fusion-flex-justify-content-flex-start fusion-content-layout-column\"><div class=\"fusion-title title fusion-title-2 fusion-sep-none fusion-title-center fusion-title-text fusion-title-size-two\" style=\"--awb-text-color:var(--awb-color8);\"><h2 class=\"fusion-title-heading title-heading-center\" style=\"margin:0;\"><p style=\"text-align: center;\"><strong>\u0645\u0648\u0696 \u0685\u0648\u06a9 \u06cc\u0648<\/strong><\/p><\/h2><\/div><div class=\"fusion-text fusion-text-1\" style=\"--awb-content-alignment:left;--awb-text-color:hsla(var(--awb-color8-h),var(--awb-color8-s),var(--awb-color8-l),calc(var(--awb-color8-a) - 20%));\"><p style=\"text-align: center;\">\u0645\u0648\u0696 \u06cc\u0648 \u0645\u062f\u0646\u064a \u0646\u0648\u069a\u062a \u06cc\u0648\u060c \u0686\u06d0 \u062f \u0627\u0641\u063a\u0627\u0646\u0633\u062a\u0627\u0646 \u062f \u062e\u0644\u06a9\u0648 \u067e\u0647 \u0648\u0693\u0627\u0646\u062f\u06d0 \u062e\u067e\u0644 \u0645\u0633\u0648\u0648\u0644\u06cc\u062a \u062e\u0628\u0631 \u0627\u0648 \u0645\u0646\u0648. \u0633\u062a\u0627\u0633\u0648 \u067e\u0647 \u0645\u0631\u0633\u062a\u0647 \u0627\u0648 \u0647\u0644\u0648 \u0681\u0644\u0648 \u0645\u0648 \u062a\u0631 \u0627\u0648\u0633\u0647 \u067e\u0648\u0631\u06d0 \u0644\u0647 \u06f2\u06f7\u06f0\u06f0 \u0685\u062e\u0647 \u062f \u0632\u06cc\u0627\u062a\u0648 \u06a9\u0633\u0627\u0646\u0648 \u062f \u0627\u06cc\u0633\u062a\u0644\u0648 \u0627\u0648 \u062f \u0632\u0631\u06ab\u0648\u0646\u0648 \u0646\u0648\u0631\u0648 \u062f \u0648\u06cc\u0633\u062a\u0644\u0648 \u067e\u0647 \u0628\u0631\u062e\u0647 \u06a9\u06d0 \u0645\u0631\u0633\u062a\u0647 \u06a9\u0693\u06d0 \u062f\u0647. \u0645\u06ab\u0631 \u0645\u0648\u0696 \u062f \u06a9\u0627\u0631 \u0644\u0647 \u067e\u0627\u06cc \u0685\u062e\u0647 \u0644\u0631\u06d0 \u06cc\u0648 \u0627\u0648 \u0645\u0648\u0696 \u0628\u0647 \u062f\u0648\u0627\u0645 \u0648\u0631\u06a9\u0693\u0648.<\/p>\n<\/div><div style=\"text-align:center;\"><a class=\"fusion-button button-flat button-medium button-custom fusion-button-default button-2 fusion-button-default-span fusion-button-default-type\" style=\"--button_accent_color:var(--awb-color1);--button_accent_hover_color:var(--awb-color1);--button_border_hover_color:var(--awb-color1);--button_gradient_top_color:var(--awb-color4);--button_gradient_bottom_color:var(--awb-color4);--button_gradient_top_color_hover:var(--awb-color5);--button_gradient_bottom_color_hover:var(--awb-color5);\" target=\"_self\" href=\"https:\/\/www.kabulluftbruecke.de\/ps\/\"><span class=\"fusion-button-text awb-button__text awb-button__text--default\">\u0646\u0648\u0631 \u06cc\u06cc \u0648\u0644\u0648\u0644\u0647<\/span><\/a><\/div><div class=\"fusion-separator fusion-full-width-sep\" style=\"align-self: center;margin-left: auto;margin-right: auto;margin-bottom:20px;width:100%;\"><\/div><\/div><\/div><div class=\"fusion-layout-column fusion_builder_column fusion-builder-column-4 fusion-flex-column fusion-flex-align-self-flex-start fusion-column-no-min-height\" style=\"--awb-bg-blend:overlay;--awb-bg-size:cover;--awb-width-large:auto;--awb-margin-top-large:-40px;--awb-spacing-right-large:2%;--awb-margin-bottom-large:40px;--awb-spacing-left-large:;--awb-width-medium:80%;--awb-order-medium:0;--awb-spacing-right-medium:2.4%;--awb-spacing-left-medium:0%;--awb-width-small:100%;--awb-order-small:0;--awb-spacing-right-small:1.92%;--awb-spacing-left-small:1.92%;\"><div class=\"fusion-column-wrapper fusion-column-has-shadow fusion-flex-justify-content-flex-start fusion-content-layout-column\"><div class=\"fusion-title title fusion-title-3 fusion-sep-none fusion-title-center fusion-title-text fusion-title-size-two\" style=\"--awb-text-color:var(--awb-color8);\"><h2 class=\"fusion-title-heading title-heading-center\" style=\"margin:0;\"><p style=\"text-align: center;\"><strong>\u0632\u0645\u0648\u0696 \u0645\u0627\u0645\u0648\u0631\u06cc\u062a<\/strong><\/p><\/h2><\/div><div class=\"fusion-text fusion-text-2\" style=\"--awb-content-alignment:left;--awb-text-color:hsla(var(--awb-color8-h),var(--awb-color8-s),var(--awb-color8-l),calc(var(--awb-color8-a) - 20%));\"><p style=\"text-align: center;\">\u0645\u0648\u0696 \u067e\u0647 \u062e\u0637\u0631 \u06a9\u06d0 \u062f \u0627\u0641\u063a\u0627\u0646\u0627\u0646\u0648 \u0644\u067e\u0627\u0631\u0647 \u062f \u062a\u0645\u0627\u0633 \u06cc\u0648\u0647 \u0646\u0642\u0637\u0647 \u0634\u0648\u064a \u06cc\u0648\u060c \u0645\u0648\u0696 \u067e\u0647 \u0627\u0641\u063a\u0627\u0646\u0633\u062a\u0627\u0646 \u06a9\u06d0 \u067c\u06cc\u0645 \u0644\u0631\u0648\u060c \u0645\u0648\u0696 \u062f \u0648\u062a\u0644\u0648 \u063a\u0648\u0631\u0647 \u0644\u0627\u0631\u06d0 \u067e\u06cc\u0698\u0646\u0648 \u0627\u0648 \u0645\u0648\u0696 \u067e\u0647 \u0622\u0644\u0645\u0627\u0646 \u06a9\u06d0 \u06a9\u0645\u067e\u0627\u06cc\u0646 \u0644\u0631\u0648 \u062a\u0631\u0685\u0648 \u062e\u0644\u06a9 \u067e\u0647 \u062e\u0637\u0631 \u06a9\u06d0 \u0648\u0645\u0646\u064a. \u0645\u0648\u0696 \u0647\u0631\u0647 \u0648\u0631\u0681 \u062f \u062e\u0637\u0631 \u0633\u0631\u0647 \u0645\u062e\u0627\u0645\u062e \u0627\u0641\u063a\u0627\u0646 \u0645\u06cc\u0631\u0645\u0646\u0648 \u062a\u0647 \u062f \u0648\u062a\u0644\u0648 \u0627\u0648 \u062f \u062e\u067e\u0644\u0648\u0644\u0648 \u0698\u0645\u0646\u0647 \u06a9\u0648\u0648<\/p>\n<\/div><div style=\"text-align:center;\"><a class=\"fusion-button button-flat button-medium button-custom fusion-button-default button-3 fusion-button-default-span fusion-button-default-type\" style=\"--button_accent_color:var(--awb-color1);--button_accent_hover_color:var(--awb-color1);--button_border_hover_color:var(--awb-color1);--button_gradient_top_color:var(--awb-color4);--button_gradient_bottom_color:var(--awb-color4);--button_gradient_top_color_hover:var(--awb-color5);--button_gradient_bottom_color_hover:var(--awb-color5);\" target=\"_self\" href=\"https:\/\/www.kabulluftbruecke.de\/ps\/\"><span class=\"fusion-button-text awb-button__text awb-button__text--default\">\u0646\u0648\u0631 \u06cc\u06cc \u0648\u0644\u0648\u0644\u0647<\/span><\/a><\/div><div class=\"fusion-separator fusion-full-width-sep\" style=\"align-self: center;margin-left: auto;margin-right: auto;margin-bottom:20px;width:100%;\"><\/div><\/div><\/div><\/div><\/div><\/p>\n","protected":false},"excerpt":{"rendered":"","protected":false},"author":7,"featured_media":0,"parent":0,"menu_order":0,"comment_status":"closed","ping_status":"closed","template":"100-width.php","meta":{"footnotes":""},"class_list":["post-695","page","type-page","status-publish","hentry"],"yoast_head":"<!-- This site is optimized with the Yoast SEO plugin v27.5 - https:\/\/yoast.com\/product\/yoast-seo-wordpress\/ -->\n<title>Home - Kabul Luftbr\u00fccke<\/title>\n<meta name=\"robots\" content=\"index, follow, max-snippet:-1, max-image-preview:large, max-video-preview:-1\" \/>\n<link rel=\"canonical\" href=\"https:\/\/www.kabulluftbruecke.de\/ps\/\" \/>\n<meta property=\"og:locale\" content=\"en_US\" \/>\n<meta property=\"og:type\" content=\"article\" \/>\n<meta property=\"og:title\" content=\"Home - Kabul Luftbr\u00fccke\" \/>\n<meta property=\"og:url\" content=\"https:\/\/www.kabulluftbruecke.de\/ps\/\" \/>\n<meta property=\"og:site_name\" content=\"Kabul Luftbr\u00fccke\" \/>\n<meta property=\"article:publisher\" content=\"https:\/\/www.facebook.com\/kabulluftbruecke\/\" \/>\n<meta property=\"article:modified_time\" content=\"2024-03-17T11:11:42+00:00\" \/>\n<meta property=\"og:image\" content=\"https:\/\/www.kabulluftbruecke.de\/wp-content\/uploads\/1200x630-OpenGraph.png\" \/>\n\t<meta property=\"og:image:width\" content=\"1200\" \/>\n\t<meta property=\"og:image:height\" content=\"630\" \/>\n\t<meta property=\"og:image:type\" content=\"image\/png\" \/>\n<meta name=\"twitter:card\" content=\"summary_large_image\" \/>\n<meta name=\"twitter:site\" content=\"@KabulLuftbrucke\" \/>\n<meta name=\"twitter:label1\" content=\"Est. reading time\" \/>\n\t<meta name=\"twitter:data1\" content=\"2 minutes\" \/>\n<script type=\"application\/ld+json\" class=\"yoast-schema-graph\">{\"@context\":\"https:\\\/\\\/schema.org\",\"@graph\":[{\"@type\":\"WebPage\",\"@id\":\"https:\\\/\\\/www.kabulluftbruecke.de\\\/ps\\\/\",\"url\":\"https:\\\/\\\/www.kabulluftbruecke.de\\\/ps\\\/\",\"name\":\"Home - Kabul Luftbr\u00fccke\",\"isPartOf\":{\"@id\":\"https:\\\/\\\/www.kabulluftbruecke.de\\\/en\\\/#website\"},\"datePublished\":\"2022-06-22T17:48:27+00:00\",\"dateModified\":\"2024-03-17T11:11:42+00:00\",\"breadcrumb\":{\"@id\":\"https:\\\/\\\/www.kabulluftbruecke.de\\\/ps\\\/#breadcrumb\"},\"inLanguage\":\"ps\",\"potentialAction\":[{\"@type\":\"ReadAction\",\"target\":[\"https:\\\/\\\/www.kabulluftbruecke.de\\\/ps\\\/\"]}]},{\"@type\":\"BreadcrumbList\",\"@id\":\"https:\\\/\\\/www.kabulluftbruecke.de\\\/ps\\\/#breadcrumb\",\"itemListElement\":[{\"@type\":\"ListItem\",\"position\":1,\"name\":\"Startseite\",\"item\":\"https:\\\/\\\/www.kabulluftbruecke.de\\\/ps\\\/\"},{\"@type\":\"ListItem\",\"position\":2,\"name\":\"Home\"}]},{\"@type\":\"WebSite\",\"@id\":\"https:\\\/\\\/www.kabulluftbruecke.de\\\/en\\\/#website\",\"url\":\"https:\\\/\\\/www.kabulluftbruecke.de\\\/en\\\/\",\"name\":\"Kabul Luftbr\u00fccke\",\"description\":\"Unterst\u00fctze und fordere die Rettung aller Gef\u00e4hrdeten aus Afghanistan\",\"publisher\":{\"@id\":\"https:\\\/\\\/www.kabulluftbruecke.de\\\/en\\\/#organization\"},\"potentialAction\":[{\"@type\":\"SearchAction\",\"target\":{\"@type\":\"EntryPoint\",\"urlTemplate\":\"https:\\\/\\\/www.kabulluftbruecke.de\\\/en\\\/?s={search_term_string}\"},\"query-input\":{\"@type\":\"PropertyValueSpecification\",\"valueRequired\":true,\"valueName\":\"search_term_string\"}}],\"inLanguage\":\"ps\"},{\"@type\":\"Organization\",\"@id\":\"https:\\\/\\\/www.kabulluftbruecke.de\\\/en\\\/#organization\",\"name\":\"Kabul Luftbr\u00fccke\",\"url\":\"https:\\\/\\\/www.kabulluftbruecke.de\\\/en\\\/\",\"logo\":{\"@type\":\"ImageObject\",\"inLanguage\":\"ps\",\"@id\":\"https:\\\/\\\/www.kabulluftbruecke.de\\\/en\\\/#\\\/schema\\\/logo\\\/image\\\/\",\"url\":\"https:\\\/\\\/www.kabulluftbruecke.de\\\/wp-content\\\/uploads\\\/Luftbruecke.png\",\"contentUrl\":\"https:\\\/\\\/www.kabulluftbruecke.de\\\/wp-content\\\/uploads\\\/Luftbruecke.png\",\"width\":709,\"height\":185,\"caption\":\"Kabul Luftbr\u00fccke\"},\"image\":{\"@id\":\"https:\\\/\\\/www.kabulluftbruecke.de\\\/en\\\/#\\\/schema\\\/logo\\\/image\\\/\"},\"sameAs\":[\"https:\\\/\\\/www.facebook.com\\\/kabulluftbruecke\\\/\",\"https:\\\/\\\/x.com\\\/KabulLuftbrucke\",\"https:\\\/\\\/www.instagram.com\\\/kabul_luftbruecke\\\/\"]}]}<\/script>\n<!-- \/ Yoast SEO plugin. -->","yoast_head_json":{"title":"Home - Kabul Luftbr\u00fccke","robots":{"index":"index","follow":"follow","max-snippet":"max-snippet:-1","max-image-preview":"max-image-preview:large","max-video-preview":"max-video-preview:-1"},"canonical":"https:\/\/www.kabulluftbruecke.de\/ps\/","og_locale":"en_US","og_type":"article","og_title":"Home - Kabul Luftbr\u00fccke","og_url":"https:\/\/www.kabulluftbruecke.de\/ps\/","og_site_name":"Kabul Luftbr\u00fccke","article_publisher":"https:\/\/www.facebook.com\/kabulluftbruecke\/","article_modified_time":"2024-03-17T11:11:42+00:00","og_image":[{"width":1200,"height":630,"url":"https:\/\/www.kabulluftbruecke.de\/wp-content\/uploads\/1200x630-OpenGraph.png","type":"image\/png"}],"twitter_card":"summary_large_image","twitter_site":"@KabulLuftbrucke","twitter_misc":{"Est. reading time":"2 minutes"},"schema":{"@context":"https:\/\/schema.org","@graph":[{"@type":"WebPage","@id":"https:\/\/www.kabulluftbruecke.de\/ps\/","url":"https:\/\/www.kabulluftbruecke.de\/ps\/","name":"Home - Kabul Luftbr\u00fccke","isPartOf":{"@id":"https:\/\/www.kabulluftbruecke.de\/en\/#website"},"datePublished":"2022-06-22T17:48:27+00:00","dateModified":"2024-03-17T11:11:42+00:00","breadcrumb":{"@id":"https:\/\/www.kabulluftbruecke.de\/ps\/#breadcrumb"},"inLanguage":"ps","potentialAction":[{"@type":"ReadAction","target":["https:\/\/www.kabulluftbruecke.de\/ps\/"]}]},{"@type":"BreadcrumbList","@id":"https:\/\/www.kabulluftbruecke.de\/ps\/#breadcrumb","itemListElement":[{"@type":"ListItem","position":1,"name":"Startseite","item":"https:\/\/www.kabulluftbruecke.de\/ps\/"},{"@type":"ListItem","position":2,"name":"Home"}]},{"@type":"WebSite","@id":"https:\/\/www.kabulluftbruecke.de\/en\/#website","url":"https:\/\/www.kabulluftbruecke.de\/en\/","name":"Kabul Luftbr\u00fccke","description":"Unterst\u00fctze und fordere die Rettung aller Gef\u00e4hrdeten aus Afghanistan","publisher":{"@id":"https:\/\/www.kabulluftbruecke.de\/en\/#organization"},"potentialAction":[{"@type":"SearchAction","target":{"@type":"EntryPoint","urlTemplate":"https:\/\/www.kabulluftbruecke.de\/en\/?s={search_term_string}"},"query-input":{"@type":"PropertyValueSpecification","valueRequired":true,"valueName":"search_term_string"}}],"inLanguage":"ps"},{"@type":"Organization","@id":"https:\/\/www.kabulluftbruecke.de\/en\/#organization","name":"Kabul Luftbr\u00fccke","url":"https:\/\/www.kabulluftbruecke.de\/en\/","logo":{"@type":"ImageObject","inLanguage":"ps","@id":"https:\/\/www.kabulluftbruecke.de\/en\/#\/schema\/logo\/image\/","url":"https:\/\/www.kabulluftbruecke.de\/wp-content\/uploads\/Luftbruecke.png","contentUrl":"https:\/\/www.kabulluftbruecke.de\/wp-content\/uploads\/Luftbruecke.png","width":709,"height":185,"caption":"Kabul Luftbr\u00fccke"},"image":{"@id":"https:\/\/www.kabulluftbruecke.de\/en\/#\/schema\/logo\/image\/"},"sameAs":["https:\/\/www.facebook.com\/kabulluftbruecke\/","https:\/\/x.com\/KabulLuftbrucke","https:\/\/www.instagram.com\/kabul_luftbruecke\/"]}]}},"jetpack_sharing_enabled":true,"_links":{"self":[{"href":"https:\/\/www.kabulluftbruecke.de\/ps\/wp-json\/wp\/v2\/pages\/695","targetHints":{"allow":["GET"]}}],"collection":[{"href":"https:\/\/www.kabulluftbruecke.de\/ps\/wp-json\/wp\/v2\/pages"}],"about":[{"href":"https:\/\/www.kabulluftbruecke.de\/ps\/wp-json\/wp\/v2\/types\/page"}],"author":[{"embeddable":true,"href":"https:\/\/www.kabulluftbruecke.de\/ps\/wp-json\/wp\/v2\/users\/7"}],"replies":[{"embeddable":true,"href":"https:\/\/www.kabulluftbruecke.de\/ps\/wp-json\/wp\/v2\/comments?post=695"}],"version-history":[{"count":0,"href":"https:\/\/www.kabulluftbruecke.de\/ps\/wp-json\/wp\/v2\/pages\/695\/revisions"}],"wp:attachment":[{"href":"https:\/\/www.kabulluftbruecke.de\/ps\/wp-json\/wp\/v2\/media?parent=695"}],"curies":[{"name":"wp","href":"https:\/\/api.w.org\/{rel}","templated":true}]}}